{"id":1564,"date":"2024-07-22T11:29:46","date_gmt":"2024-07-22T10:29:46","guid":{"rendered":"https:\/\/poker-bonuscode.de\/%d0%bd%d0%b0%d1%87%d0%b0%d0%bb%d0%be\/"},"modified":"2025-04-28T14:31:51","modified_gmt":"2025-04-28T13:31:51","slug":"%d0%bd%d0%b0%d1%87%d0%b0%d0%bb%d0%be","status":"publish","type":"page","link":"https:\/\/poker-bonuscode.de\/bg\/","title":{"rendered":"\u041d\u0430\u0447\u0430\u043b\u043e"},"content":{"rendered":"<h2>\u041d\u0430\u0439-\u0434\u043e\u0431\u0440\u0438\u0442\u0435 \u0431\u043e\u043d\u0443\u0441 \u043a\u043e\u0434\u043e\u0432\u0435 \u0437\u0430 \u043f\u043e\u043a\u0435\u0440, \u0438\u043d\u0444\u043e\u0440\u043c\u0430\u0446\u0438\u044f \u043e\u0442 \u043f\u043e\u043a\u0435\u0440 \u0434\u0438\u0441\u0442\u0440\u0438\u0431\u0443\u0442\u043e\u0440\u0438\u0442\u0435<\/h2>\n<p style=\"text-align: justify\">\u0414\u043e\u0431\u0440\u0435 \u0434\u043e\u0448\u043b\u0438 \u043f\u0440\u0438 Poker-BonusCode.de &#8211; \u0442\u0443\u043a \u0449\u0435 \u043d\u0430\u043c\u0435\u0440\u0438\u0442\u0435 <strong>\u0438\u043d\u0444\u043e\u0440\u043c\u0430\u0446\u0438\u044f \u0437\u0430 \u043d\u0430\u0439-\u0434\u043e\u0431\u0440\u0438\u0442\u0435 \u043e\u043d\u043b\u0430\u0439\u043d \u043f\u043e\u043a\u0435\u0440 \u0434\u0438\u0441\u0442\u0440\u0438\u0431\u0443\u0442\u043e\u0440\u0438 \u0437\u0430<\/strong> \u043d\u0435\u043c\u0441\u043a\u0438 \u0438\u0433\u0440\u0430\u0447\u0438, \u043a\u0430\u043a\u0442\u043e \u0438 \u0446\u044f\u043b\u0430\u0442\u0430 \u043d\u0435\u043e\u0431\u0445\u043e\u0434\u0438\u043c\u0430 \u0438\u043d\u0444\u043e\u0440\u043c\u0430\u0446\u0438\u044f \u0438 \u0431\u043e\u043d\u0443\u0441 \u043a\u043e\u0434\u043e\u0432\u0435 \u0437\u0430 \u043d\u0430\u0439-\u0434\u043e\u0431\u0440\u0438\u0442\u0435 \u043e\u043d\u043b\u0430\u0439\u043d \u043f\u043e\u043a\u0435\u0440 \u0437\u0430\u043b\u0438. Wir nennen Euch die besten Seiten, um online zu spielen. Wir haben es uns zur Aufgabe gemacht, Informationen zum Online Poker und zu den besten Online Anbietern zusammen zu stellen.<\/p>\n<p style=\"text-align: justify\">Wir haben alle wichtigen <strong>Anbieter im Vergleich und Test<\/strong>. Wir erkl\u00e4ren Euch, wie die Seiten arbeiten, welche Besonderheiten die verschiedenen Rooms haben, was dies f\u00fcr Euer Spiel bedeutet und wie Ihr durch die Nutzung mehrerer Rooms und ihrer Bonus Codes alleine durch den ausgesch\u00fctteten Bonus Profit machen k\u00f6nnt. \u00dcber Neuigkeiten und <strong>aktuelle Turnierangebote und Events<\/strong> informieren wir Euch ebenfalls &#8211; siehe rechts.<\/p>\n<h2>\u041d\u0430\u0439-\u0434\u043e\u0431\u0440\u0438\u0442\u0435 \u0431\u043e\u043d\u0443\u0441\u0438 \u0437\u0430 \u043e\u043d\u043b\u0430\u0439\u043d \u043f\u043e\u043a\u0435\u0440 \u0437\u0430 \u0432\u0441\u0438\u0447\u043a\u0438 \u0433\u043e\u043b\u0435\u043c\u0438 \u043e\u043d\u043b\u0430\u0439\u043d \u0434\u043e\u0441\u0442\u0430\u0432\u0447\u0438\u0446\u0438<\/h2>\n<p>&nbsp;<\/p>\n<p style=\"text-align: justify\">Die besten Promotionen, Rooms f\u00fcr Einsteiger, Turnierangebote und Spielst\u00e4rke der Gegner bis hin zu Beurteilungen des Kundenservice und der Software &#8211; alles findet Ihr hier. Jeder Spieler hat schlie\u00dflich andere Pr\u00e4ferenzen, und um erfolgreich zu spielen, ist es wichtig, die Seite zu w\u00e4hlen, die zum eigenen Spiel pa\u00dft.<\/p>\n<p>Neue Pokerr\u00e4ume gewinnen in den meisten F\u00e4llen schnell an Beliebtheit bei den Spielern im Internet. Diese R\u00e4ume \u00fcberzeugen Neulinge meistens durch ein einzigartiges modernes und funktionales Lobbydesign und nat\u00fcrlich mit ihren Bonusangeboten. Dennoch ist gerade f\u00fcr Anf\u00e4nger ein solides Angebot wie der 888 Poker 400$ Bonus am empfehlenswertesten. Hinzu kommt, dass <strong>888 Poker<\/strong> eine gro\u00dfe Auswahl and Tischen mit kleinem Einsatz hat. Gerade an diesen Tischen ist die Konkurrenz eher schwach und einfach zu schlagen.<\/p>\n<p>\u0410\u043a\u0442\u0443\u0430\u043b\u043d\u043e \u043f\u0440\u0435\u0434\u043b\u0430\u0433\u0430 888 Poker \u043e\u0449\u0435 \u0435\u0434\u0438\u043d <strong>\u0431\u0435\u0437\u043f\u043b\u0430\u0442\u0435\u043d \u043d\u0430\u0447\u0430\u043b\u0435\u043d \u043a\u0430\u043f\u0438\u0442\u0430\u043b \u043e\u0442 88 \u20ac<\/strong> &#8211; <strong><span style=\"text-decoration: underline\"><a href=\"go\/888.html\" target=\"_blank\" rel=\"noopener\">benutzt diesen Link, um Euch bei 888 Poker zu registrieren<\/a><\/span><\/strong>! So k\u00f6nnt Ihr ohne Risiko und ohne eigene Einzahlung um echtes Geld pokern. Wer ausreichend Zeit daf\u00fcr aufwendet, sich das notwendige strategische Wissen anzueignen, der kann basierend auf diesen 88\u20ac seine Bankroll durch Gewinne ausbauen und so nach und nach auf h\u00f6here Blind-Levels aufsteigen.<\/p>\n<h2 style=\"text-align: justify\">Kriterien f\u00fcr die Beurteilung der Anbieter<\/h2>\n<p style=\"text-align: justify\">\u041e\u0441\u0432\u0435\u043d \u0431\u043e\u043d\u0443\u0441\u0430 \u0438 \u043a\u0430\u0447\u0435\u0441\u0442\u0432\u043e\u0442\u043e \u043d\u0430 \u0441\u043e\u0444\u0442\u0443\u0435\u0440\u0430 \u0437\u0430 \u043f\u043e\u043a\u0435\u0440, \u043d\u0438\u0435 \u043f\u0440\u0435\u0434\u043b\u0430\u0433\u0430\u043c\u0435 \u043d\u0430 \u0432\u0441\u0435\u043a\u0438 \u0435\u0434\u0438\u043d \u0438\u0433\u0440\u0430\u0447 \u0440\u0430\u0437\u043b\u0438\u0447\u043d\u0438 \u0430\u0441\u043f\u0435\u043a\u0442\u0438 \u0438 \u043a\u0440\u0438\u0442\u0435\u0440\u0438\u0438. Dazu geh\u00f6ren unter anderem:<\/p>\n<ul>\n<li style=\"text-align: justify\">Qualit\u00e4t des Kundendienstes (deutschsprachig?)<\/li>\n<li style=\"text-align: justify\">Sicherheitsaspekte, sowohl beim Spiel wie auch bei Geldtransfers<\/li>\n<li style=\"text-align: justify\">Vef\u00fcgbare Ein- und Auszahlungsoptionen<\/li>\n<li style=\"text-align: justify\">Vielfalt der angebotenen Spiele, sowohl bei Poker wie auch bei Sidegames (Casino, Sportwetten etc.)<\/li>\n<li style=\"text-align: justify\">Turnierkalender &#8211; Menge und Preisgeldh\u00f6he<\/li>\n<\/ul>\n<h2 style=\"text-align: justify\">\u0421\u044a\u0432\u0435\u0442\u0438 \u0437\u0430 \u043f\u043e\u043a\u0435\u0440 \u0441\u0442\u0440\u0430\u0442\u0435\u0433\u0438\u044f\u0442\u0430<\/h2>\n<p style=\"text-align: justify\"><strong>Beim Pokern kommt es nicht auf das Gl\u00fcck an<\/strong> &#8211; in unseren Artikeln zum Thema <strong>Strategie und Coaching<\/strong>, unserer Strategie-Ausbildung f\u00fcr Anf\u00e4nger und Fortgeschrittene, findet Ihr all notwendigen Infos, wie an den Tischen gewinnt und so Geld verdient. Diese Strategietips solltet Ihr unbedingt lesen, denn wer sich ohne Strategiekenntnisse an den Tisch setzt, der kann genauso gut gleich Lotto online spielen.<\/p>\n<p>Unser Team w\u00fcnscht Euch viel Spa\u00df beim Lesen &#8211; und nat\u00fcrlich viel Erfolg an den virtuellen Tischen!<\/p>\n<p>Und wem Poker zu kompliziert ist, der kann ja sein <a href=\"http:\/\/www.gambling6.com\/de\/\" target=\"_blank\" rel=\"noopener\">Gl\u00fcck im <strong>Online Casino<\/strong><\/a> versuchen &#8230;<\/p>\n","protected":false},"excerpt":{"rendered":"<p>\u041d\u0430\u0439-\u0434\u043e\u0431\u0440\u0438\u0442\u0435 \u0431\u043e\u043d\u0443\u0441 \u043a\u043e\u0434\u043e\u0432\u0435 \u0437\u0430 \u043f\u043e\u043a\u0435\u0440, \u0438\u043d\u0444\u043e\u0440\u043c\u0430\u0446\u0438\u044f \u043e\u0442 \u043f\u043e\u043a\u0435\u0440 \u0434\u0438\u0441\u0442\u0440\u0438\u0431\u0443\u0442\u043e\u0440\u0438\u0442\u0435 \u0414\u043e\u0431\u0440\u0435 \u0434\u043e\u0448\u043b\u0438 \u043f\u0440\u0438 Poker-BonusCode.de &#8211; \u0442\u0443\u043a \u0449\u0435 \u043d\u0430\u043c\u0435\u0440\u0438\u0442\u0435 \u0438\u043d\u0444\u043e\u0440\u043c\u0430\u0446\u0438\u044f \u0437\u0430 \u043d\u0430\u0439-\u0434\u043e\u0431\u0440\u0438\u0442\u0435 \u043e\u043d\u043b\u0430\u0439\u043d \u043f\u043e\u043a\u0435\u0440 \u0434\u0438\u0441\u0442\u0440\u0438\u0431\u0443\u0442\u043e\u0440\u0438 \u0437\u0430 \u043d\u0435\u043c\u0441\u043a\u0438 \u0438\u0433\u0440\u0430\u0447\u0438, \u043a\u0430\u043a\u0442\u043e \u0438 \u0446\u044f\u043b\u0430\u0442\u0430 \u043d\u0435\u043e\u0431\u0445\u043e\u0434\u0438\u043c\u0430 \u0438\u043d\u0444\u043e\u0440\u043c\u0430\u0446\u0438\u044f \u0438 \u0431\u043e\u043d\u0443\u0441 \u043a\u043e\u0434\u043e\u0432\u0435 \u0437\u0430 \u043d\u0430\u0439-\u0434\u043e\u0431\u0440\u0438\u0442\u0435 \u043e\u043d\u043b\u0430\u0439\u043d \u043f\u043e\u043a\u0435\u0440 \u0437\u0430\u043b\u0438. Wir nennen Euch die besten Seiten, um online zu spielen. Wir haben es uns zur Aufgabe [&hellip;]<\/p>\n","protected":false},"author":1,"featured_media":0,"parent":0,"menu_order":0,"comment_status":"closed","ping_status":"closed","template":"","meta":{"footnotes":""},"class_list":["post-1564","page","type-page","status-publish","hentry"],"yoast_head":"<!-- This site is optimized with the Yoast SEO plugin v25.9 - https:\/\/yoast.com\/wordpress\/plugins\/seo\/ -->\n<title>\u041d\u0430\u0439-\u0434\u043e\u0431\u0440\u0438\u0442\u0435 \u0431\u043e\u043d\u0443\u0441 \u043a\u043e\u0434\u043e\u0432\u0435 \u0437\u0430 \u043f\u043e\u043a\u0435\u0440, \u0438\u043d\u0444\u043e\u0440\u043c\u0430\u0446\u0438\u044f \u043e\u0442 \u043f\u043e\u043a\u0435\u0440 \u0434\u0438\u0441\u0442\u0440\u0438\u0431\u0443\u0442\u043e\u0440\u0438\u0442\u0435<\/title>\n<meta name=\"robots\" content=\"index, follow, max-snippet:-1, max-image-preview:large, max-video-preview:-1\" \/>\n<link rel=\"canonical\" href=\"https:\/\/poker-bonuscode.de\/bg\/\" \/>\n<meta property=\"og:locale\" content=\"bg_BG\" \/>\n<meta property=\"og:type\" content=\"article\" \/>\n<meta property=\"og:title\" content=\"\u041d\u0430\u0439-\u0434\u043e\u0431\u0440\u0438\u0442\u0435 \u0431\u043e\u043d\u0443\u0441 \u043a\u043e\u0434\u043e\u0432\u0435 \u0437\u0430 \u043f\u043e\u043a\u0435\u0440, \u0438\u043d\u0444\u043e\u0440\u043c\u0430\u0446\u0438\u044f \u043e\u0442 \u043f\u043e\u043a\u0435\u0440 \u0434\u0438\u0441\u0442\u0440\u0438\u0431\u0443\u0442\u043e\u0440\u0438\u0442\u0435\" \/>\n<meta property=\"og:description\" content=\"\u041d\u0430\u0439-\u0434\u043e\u0431\u0440\u0438\u0442\u0435 \u0431\u043e\u043d\u0443\u0441 \u043a\u043e\u0434\u043e\u0432\u0435 \u0437\u0430 \u043f\u043e\u043a\u0435\u0440, \u0438\u043d\u0444\u043e\u0440\u043c\u0430\u0446\u0438\u044f \u043e\u0442 \u043f\u043e\u043a\u0435\u0440 \u0434\u0438\u0441\u0442\u0440\u0438\u0431\u0443\u0442\u043e\u0440\u0438\u0442\u0435 \u0414\u043e\u0431\u0440\u0435 \u0434\u043e\u0448\u043b\u0438 \u043f\u0440\u0438 Poker-BonusCode.de &#8211; \u0442\u0443\u043a \u0449\u0435 \u043d\u0430\u043c\u0435\u0440\u0438\u0442\u0435 \u0438\u043d\u0444\u043e\u0440\u043c\u0430\u0446\u0438\u044f \u0437\u0430 \u043d\u0430\u0439-\u0434\u043e\u0431\u0440\u0438\u0442\u0435 \u043e\u043d\u043b\u0430\u0439\u043d \u043f\u043e\u043a\u0435\u0440 \u0434\u0438\u0441\u0442\u0440\u0438\u0431\u0443\u0442\u043e\u0440\u0438 \u0437\u0430 \u043d\u0435\u043c\u0441\u043a\u0438 \u0438\u0433\u0440\u0430\u0447\u0438, \u043a\u0430\u043a\u0442\u043e \u0438 \u0446\u044f\u043b\u0430\u0442\u0430 \u043d\u0435\u043e\u0431\u0445\u043e\u0434\u0438\u043c\u0430 \u0438\u043d\u0444\u043e\u0440\u043c\u0430\u0446\u0438\u044f \u0438 \u0431\u043e\u043d\u0443\u0441 \u043a\u043e\u0434\u043e\u0432\u0435 \u0437\u0430 \u043d\u0430\u0439-\u0434\u043e\u0431\u0440\u0438\u0442\u0435 \u043e\u043d\u043b\u0430\u0439\u043d \u043f\u043e\u043a\u0435\u0440 \u0437\u0430\u043b\u0438. Wir nennen Euch die besten Seiten, um online zu spielen. Wir haben es uns zur Aufgabe [&hellip;]\" \/>\n<meta property=\"og:url\" content=\"https:\/\/poker-bonuscode.de\/bg\/\" \/>\n<meta property=\"og:site_name\" content=\"Poker Bonus Code\" \/>\n<meta property=\"article:modified_time\" content=\"2025-04-28T13:31:51+00:00\" \/>\n<meta name=\"twitter:card\" content=\"summary_large_image\" \/>\n<meta name=\"twitter:label1\" content=\"Est. reading time\" \/>\n\t<meta name=\"twitter:data1\" content=\"2 \u043c\u0438\u043d\u0443\u0442\u0438\" \/>\n<script type=\"application\/ld+json\" class=\"yoast-schema-graph\">{\"@context\":\"https:\/\/schema.org\",\"@graph\":[{\"@type\":\"WebPage\",\"@id\":\"https:\/\/poker-bonuscode.de\/bg\/\",\"url\":\"https:\/\/poker-bonuscode.de\/bg\/\",\"name\":\"\u041d\u0430\u0439-\u0434\u043e\u0431\u0440\u0438\u0442\u0435 \u0431\u043e\u043d\u0443\u0441 \u043a\u043e\u0434\u043e\u0432\u0435 \u0437\u0430 \u043f\u043e\u043a\u0435\u0440, \u0438\u043d\u0444\u043e\u0440\u043c\u0430\u0446\u0438\u044f \u043e\u0442 \u043f\u043e\u043a\u0435\u0440 \u0434\u0438\u0441\u0442\u0440\u0438\u0431\u0443\u0442\u043e\u0440\u0438\u0442\u0435\",\"isPartOf\":{\"@id\":\"https:\/\/poker-bonuscode.de\/bg\/#website\"},\"datePublished\":\"2024-07-22T10:29:46+00:00\",\"dateModified\":\"2025-04-28T13:31:51+00:00\",\"breadcrumb\":{\"@id\":\"https:\/\/poker-bonuscode.de\/bg\/#breadcrumb\"},\"inLanguage\":\"bg-BG\",\"potentialAction\":[{\"@type\":\"ReadAction\",\"target\":[\"https:\/\/poker-bonuscode.de\/bg\/\"]}]},{\"@type\":\"BreadcrumbList\",\"@id\":\"https:\/\/poker-bonuscode.de\/bg\/#breadcrumb\",\"itemListElement\":[{\"@type\":\"ListItem\",\"position\":1,\"name\":\"Home\",\"item\":\"https:\/\/poker-bonuscode.de\/bg\/\"},{\"@type\":\"ListItem\",\"position\":2,\"name\":\"\u041d\u0430\u0447\u0430\u043b\u043e\"}]},{\"@type\":\"WebSite\",\"@id\":\"https:\/\/poker-bonuscode.de\/bg\/#website\",\"url\":\"https:\/\/poker-bonuscode.de\/bg\/\",\"name\":\"Poker Bonus Code\",\"description\":\"\",\"potentialAction\":[{\"@type\":\"SearchAction\",\"target\":{\"@type\":\"EntryPoint\",\"urlTemplate\":\"https:\/\/poker-bonuscode.de\/bg\/?s={search_term_string}\"},\"query-input\":{\"@type\":\"PropertyValueSpecification\",\"valueRequired\":true,\"valueName\":\"search_term_string\"}}],\"inLanguage\":\"bg-BG\"}]}<\/script>\n<!-- \/ Yoast SEO plugin. -->","yoast_head_json":{"title":"\u041d\u0430\u0439-\u0434\u043e\u0431\u0440\u0438\u0442\u0435 \u0431\u043e\u043d\u0443\u0441 \u043a\u043e\u0434\u043e\u0432\u0435 \u0437\u0430 \u043f\u043e\u043a\u0435\u0440, \u0438\u043d\u0444\u043e\u0440\u043c\u0430\u0446\u0438\u044f \u043e\u0442 \u043f\u043e\u043a\u0435\u0440 \u0434\u0438\u0441\u0442\u0440\u0438\u0431\u0443\u0442\u043e\u0440\u0438\u0442\u0435","robots":{"index":"index","follow":"follow","max-snippet":"max-snippet:-1","max-image-preview":"max-image-preview:large","max-video-preview":"max-video-preview:-1"},"canonical":"https:\/\/poker-bonuscode.de\/bg\/","og_locale":"bg_BG","og_type":"article","og_title":"\u041d\u0430\u0439-\u0434\u043e\u0431\u0440\u0438\u0442\u0435 \u0431\u043e\u043d\u0443\u0441 \u043a\u043e\u0434\u043e\u0432\u0435 \u0437\u0430 \u043f\u043e\u043a\u0435\u0440, \u0438\u043d\u0444\u043e\u0440\u043c\u0430\u0446\u0438\u044f \u043e\u0442 \u043f\u043e\u043a\u0435\u0440 \u0434\u0438\u0441\u0442\u0440\u0438\u0431\u0443\u0442\u043e\u0440\u0438\u0442\u0435","og_description":"\u041d\u0430\u0439-\u0434\u043e\u0431\u0440\u0438\u0442\u0435 \u0431\u043e\u043d\u0443\u0441 \u043a\u043e\u0434\u043e\u0432\u0435 \u0437\u0430 \u043f\u043e\u043a\u0435\u0440, \u0438\u043d\u0444\u043e\u0440\u043c\u0430\u0446\u0438\u044f \u043e\u0442 \u043f\u043e\u043a\u0435\u0440 \u0434\u0438\u0441\u0442\u0440\u0438\u0431\u0443\u0442\u043e\u0440\u0438\u0442\u0435 \u0414\u043e\u0431\u0440\u0435 \u0434\u043e\u0448\u043b\u0438 \u043f\u0440\u0438 Poker-BonusCode.de &#8211; \u0442\u0443\u043a \u0449\u0435 \u043d\u0430\u043c\u0435\u0440\u0438\u0442\u0435 \u0438\u043d\u0444\u043e\u0440\u043c\u0430\u0446\u0438\u044f \u0437\u0430 \u043d\u0430\u0439-\u0434\u043e\u0431\u0440\u0438\u0442\u0435 \u043e\u043d\u043b\u0430\u0439\u043d \u043f\u043e\u043a\u0435\u0440 \u0434\u0438\u0441\u0442\u0440\u0438\u0431\u0443\u0442\u043e\u0440\u0438 \u0437\u0430 \u043d\u0435\u043c\u0441\u043a\u0438 \u0438\u0433\u0440\u0430\u0447\u0438, \u043a\u0430\u043a\u0442\u043e \u0438 \u0446\u044f\u043b\u0430\u0442\u0430 \u043d\u0435\u043e\u0431\u0445\u043e\u0434\u0438\u043c\u0430 \u0438\u043d\u0444\u043e\u0440\u043c\u0430\u0446\u0438\u044f \u0438 \u0431\u043e\u043d\u0443\u0441 \u043a\u043e\u0434\u043e\u0432\u0435 \u0437\u0430 \u043d\u0430\u0439-\u0434\u043e\u0431\u0440\u0438\u0442\u0435 \u043e\u043d\u043b\u0430\u0439\u043d \u043f\u043e\u043a\u0435\u0440 \u0437\u0430\u043b\u0438. Wir nennen Euch die besten Seiten, um online zu spielen. Wir haben es uns zur Aufgabe [&hellip;]","og_url":"https:\/\/poker-bonuscode.de\/bg\/","og_site_name":"Poker Bonus Code","article_modified_time":"2025-04-28T13:31:51+00:00","twitter_card":"summary_large_image","twitter_misc":{"Est. reading time":"2 \u043c\u0438\u043d\u0443\u0442\u0438"},"schema":{"@context":"https:\/\/schema.org","@graph":[{"@type":"WebPage","@id":"https:\/\/poker-bonuscode.de\/bg\/","url":"https:\/\/poker-bonuscode.de\/bg\/","name":"\u041d\u0430\u0439-\u0434\u043e\u0431\u0440\u0438\u0442\u0435 \u0431\u043e\u043d\u0443\u0441 \u043a\u043e\u0434\u043e\u0432\u0435 \u0437\u0430 \u043f\u043e\u043a\u0435\u0440, \u0438\u043d\u0444\u043e\u0440\u043c\u0430\u0446\u0438\u044f \u043e\u0442 \u043f\u043e\u043a\u0435\u0440 \u0434\u0438\u0441\u0442\u0440\u0438\u0431\u0443\u0442\u043e\u0440\u0438\u0442\u0435","isPartOf":{"@id":"https:\/\/poker-bonuscode.de\/bg\/#website"},"datePublished":"2024-07-22T10:29:46+00:00","dateModified":"2025-04-28T13:31:51+00:00","breadcrumb":{"@id":"https:\/\/poker-bonuscode.de\/bg\/#breadcrumb"},"inLanguage":"bg-BG","potentialAction":[{"@type":"ReadAction","target":["https:\/\/poker-bonuscode.de\/bg\/"]}]},{"@type":"BreadcrumbList","@id":"https:\/\/poker-bonuscode.de\/bg\/#breadcrumb","itemListElement":[{"@type":"ListItem","position":1,"name":"Home","item":"https:\/\/poker-bonuscode.de\/bg\/"},{"@type":"ListItem","position":2,"name":"\u041d\u0430\u0447\u0430\u043b\u043e"}]},{"@type":"WebSite","@id":"https:\/\/poker-bonuscode.de\/bg\/#website","url":"https:\/\/poker-bonuscode.de\/bg\/","name":"Poker Bonus Code","description":"","potentialAction":[{"@type":"SearchAction","target":{"@type":"EntryPoint","urlTemplate":"https:\/\/poker-bonuscode.de\/bg\/?s={search_term_string}"},"query-input":{"@type":"PropertyValueSpecification","valueRequired":true,"valueName":"search_term_string"}}],"inLanguage":"bg-BG"}]}},"_links":{"self":[{"href":"https:\/\/poker-bonuscode.de\/bg\/wp-json\/wp\/v2\/pages\/1564","targetHints":{"allow":["GET"]}}],"collection":[{"href":"https:\/\/poker-bonuscode.de\/bg\/wp-json\/wp\/v2\/pages"}],"about":[{"href":"https:\/\/poker-bonuscode.de\/bg\/wp-json\/wp\/v2\/types\/page"}],"author":[{"embeddable":true,"href":"https:\/\/poker-bonuscode.de\/bg\/wp-json\/wp\/v2\/users\/1"}],"replies":[{"embeddable":true,"href":"https:\/\/poker-bonuscode.de\/bg\/wp-json\/wp\/v2\/comments?post=1564"}],"version-history":[{"count":1,"href":"https:\/\/poker-bonuscode.de\/bg\/wp-json\/wp\/v2\/pages\/1564\/revisions"}],"predecessor-version":[{"id":1627,"href":"https:\/\/poker-bonuscode.de\/bg\/wp-json\/wp\/v2\/pages\/1564\/revisions\/1627"}],"wp:attachment":[{"href":"https:\/\/poker-bonuscode.de\/bg\/wp-json\/wp\/v2\/media?parent=1564"}],"curies":[{"name":"wp","href":"https:\/\/api.w.org\/{rel}","templated":true}]}}