{"id":1566,"date":"2024-07-22T11:29:46","date_gmt":"2024-07-22T10:29:46","guid":{"rendered":"https:\/\/poker-bonuscode.de\/domov\/"},"modified":"2025-04-28T14:32:08","modified_gmt":"2025-04-28T13:32:08","slug":"domov","status":"publish","type":"page","link":"https:\/\/poker-bonuscode.de\/cs\/","title":{"rendered":"Domov"},"content":{"rendered":"<h2>Nejlep\u0161\u00ed pokerov\u00e9 bonusov\u00e9 k\u00f3dy, recenze pokerov\u00fdch poskytovatel\u016f<\/h2>\n<p style=\"text-align: justify;\">V\u00edtejte na Poker-BonusCode.de \u2013 zde najdete <strong>recenze nejlep\u0161\u00edch online pokerov\u00fdch poskytovatel\u016f<\/strong> pro n\u011bmeck\u00e9 hr\u00e1\u010de a tak\u00e9 ve\u0161ker\u00e9 dal\u0161\u00ed informace a bonusov\u00e9 k\u00f3dy pro nejlep\u0161\u00ed online pokerov\u00e9 herny. Prozrad\u00edme v\u00e1m nejlep\u0161\u00ed str\u00e1nky pro hran\u00ed online. Na\u0161\u00edm posl\u00e1n\u00edm je shroma\u017e\u010fovat informace o online pokeru a nejlep\u0161\u00edch online poskytovatel\u00edch.<\/p>\n<p style=\"text-align: justify;\">Porovnali a otestovali jsme v\u0161echny d\u016fle\u017eit\u00e9 <strong>poskytovatele<\/strong>. Vysv\u011btl\u00edme, jak str\u00e1nky funguj\u00ed, jak\u00e9 speci\u00e1ln\u00ed funkce maj\u00ed r\u016fzn\u00e9 herny, co to znamen\u00e1 pro va\u0161i hru a jak m\u016f\u017eete profitovat z bonus\u016f vypl\u00e1cen\u00fdch pou\u017e\u00edv\u00e1n\u00edm v\u00edce heren a jejich bonusov\u00fdch k\u00f3d\u016f. Budeme v\u00e1s tak\u00e9 informovat o novink\u00e1ch a aktu\u00e1ln\u00edch nab\u00eddk\u00e1ch a akc\u00edch turnaj\u016f \u2013 viz vpravo.<\/p>\n<h2>Nejlep\u0161\u00ed online pokerov\u00e9 bonusy od v\u0161ech hlavn\u00edch online poskytovatel\u016f<\/h2>\n<p>&nbsp;<\/p>\n<p style=\"text-align: justify;\">Nejlep\u0161\u00ed propaga\u010dn\u00ed akce, herny pro za\u010d\u00e1te\u010dn\u00edky, nab\u00eddky turnaj\u016f a hern\u00ed siln\u00e9 str\u00e1nky soupe\u0159\u016f, stejn\u011b jako recenze z\u00e1kaznick\u00e9ho servisu a softwaru \u2013 to v\u0161e zde najdete. Koneckonc\u016f, ka\u017ed\u00fd hr\u00e1\u010d m\u00e1 jin\u00e9 preference a pro \u00fasp\u011b\u0161n\u00e9 hran\u00ed je d\u016fle\u017eit\u00e9 vybrat si str\u00e1nku, kter\u00e1 vyhovuje va\u0161\u00ed h\u0159e.<\/p>\n<p>Ve v\u011bt\u0161in\u011b p\u0159\u00edpad\u016f si nov\u00e9 pokerov\u00e9 herny rychle z\u00edsk\u00e1vaj\u00ed popularitu mezi online hr\u00e1\u010di. Tyto pokoje obvykle p\u0159esv\u011bd\u010d\u00ed nov\u011b p\u0159\u00edchoz\u00ed jedine\u010dn\u00fdm, modern\u00edm a funk\u010dn\u00edm designem vstupn\u00ed haly a samoz\u0159ejm\u011b i bonusov\u00fdmi nab\u00eddkami. Nicm\u00e9n\u011b solidn\u00ed nab\u00eddka, jako je bonus 400 dolar\u016f u 888 Poker, je velmi doporu\u010diteln\u00e1, zejm\u00e9na pro za\u010d\u00e1te\u010dn\u00edky. Krom\u011b toho nab\u00edz\u00ed <strong>888 Poker<\/strong> velk\u00fd v\u00fdb\u011br stol\u016f s mal\u00fdmi s\u00e1zkami. Zvl\u00e1\u0161t\u011b u t\u011bchto stol\u016f je konkurence pom\u011brn\u011b slab\u00e1 a snadno poraziteln\u00e1.<\/p>\n<p>888 Poker aktu\u00e1ln\u011b nab\u00edz\u00ed <strong>bezplatn\u00fd po\u010d\u00e1te\u010dn\u00ed kapit\u00e1l ve v\u00fd\u0161i 88 \u20ac<\/strong> &#8211; <strong><span style=\"text-decoration: underline;\"><a href=\"go\/888.html\" target=\"_blank\" rel=\"noopener\">pou\u017eijte tento odkaz k registraci u 888 Poker<\/a><\/span><\/strong>! Takto si m\u016f\u017eete zahr\u00e1t poker o skute\u010dn\u00e9 pen\u00edze bez rizika a bez nutnosti prov\u00e1d\u011bt vlastn\u00ed vklad. Ka\u017ed\u00fd, kdo str\u00e1v\u00ed dostatek \u010dasu z\u00edsk\u00e1v\u00e1n\u00edm pot\u0159ebn\u00fdch strategick\u00fdch znalost\u00ed, si m\u016f\u017ee vybudovat bankroll prost\u0159ednictv\u00edm v\u00fdher na z\u00e1klad\u011b t\u011bchto 88 \u20ac a postupn\u011b se posouvat na vy\u0161\u0161\u00ed \u00farovn\u011b blind\u016f.<\/p>\n<h2 style=\"text-align: justify;\">Krit\u00e9ria pro hodnocen\u00ed poskytovatel\u016f<\/h2>\n<p style=\"text-align: justify;\">Krom\u011b bonus\u016f a kvality pokerov\u00e9ho softwaru hodnot\u00edme ka\u017ed\u00e9ho poskytovatele na z\u00e1klad\u011b \u0159ady aspekt\u016f a krit\u00e9ri\u00ed. Pat\u0159\u00ed mezi n\u011b mimo jin\u00e9:<\/p>\n<ul>\n<li style=\"text-align: justify;\">Kvalita z\u00e1kaznick\u00fdch slu\u017eeb (mluv\u00edte n\u011bmecky?)<\/li>\n<li style=\"text-align: justify;\">Bezpe\u010dnostn\u00ed aspekty, a to jak p\u0159i hran\u00ed, tak p\u0159i p\u0159evodu pen\u011bz<\/li>\n<li style=\"text-align: justify;\">Dostupn\u00e9 mo\u017enosti vkladu a v\u00fdb\u011bru<\/li>\n<li style=\"text-align: justify;\">Nab\u00edzen\u00e1 \u0161irok\u00e1 \u0161k\u00e1la her, jak poker, tak i vedlej\u0161\u00ed hry (kasino, sportovn\u00ed s\u00e1zen\u00ed atd.)<\/li>\n<li style=\"text-align: justify;\">Turnajov\u00fd kalend\u00e1\u0159 \u2013 po\u010det hr\u00e1\u010d\u016f a finan\u010dn\u00ed odm\u011bny<\/li>\n<\/ul>\n<h2 style=\"text-align: justify;\">Tipy pro pokerovou strategii<\/h2>\n<p style=\"text-align: justify;\"><strong>Poker nen\u00ed o \u0161t\u011bst\u00ed<\/strong> \u2013 v na\u0161ich \u010dl\u00e1nc\u00edch o <strong>strategii a kou\u010dov\u00e1n\u00ed<\/strong>, na\u0161em strategick\u00e9m \u0161kolen\u00ed pro za\u010d\u00e1te\u010dn\u00edky i pokro\u010dil\u00e9 hr\u00e1\u010de, najdete v\u0161echny pot\u0159ebn\u00e9 informace o tom, jak vyhr\u00e1vat u stol\u016f a vyd\u011bl\u00e1vat pen\u00edze. Tyto strategick\u00e9 tipy byste si rozhodn\u011b m\u011bli p\u0159e\u010d\u00edst, proto\u017ee pokud si sednete ke stolu bez jak\u00fdchkoli znalost\u00ed strategie, m\u016f\u017eete si stejn\u011b tak zahr\u00e1t online loterii.<\/p>\n<p>N\u00e1\u0161 t\u00fdm v\u00e1m p\u0159eje p\u0159\u00edjemn\u00e9 \u010dten\u00ed \u2013 a samoz\u0159ejm\u011b hodn\u011b \u0161t\u011bst\u00ed u virtu\u00e1ln\u00edch stol\u016f!<\/p>\n<p>A pokud je pro v\u00e1s poker p\u0159\u00edli\u0161 slo\u017eit\u00fd, m\u016f\u017eete zkusit \u0161t\u011bst\u00ed <a href=\"http:\/\/www.gambling6.com\/de\/\" target=\"_blank\" rel=\"noopener\">v <strong>online kasinu<\/strong><\/a>&#8230;<\/p>\n","protected":false},"excerpt":{"rendered":"<p>Nejlep\u0161\u00ed pokerov\u00e9 bonusov\u00e9 k\u00f3dy, recenze pokerov\u00fdch poskytovatel\u016f V\u00edtejte na Poker-BonusCode.de \u2013 zde najdete recenze nejlep\u0161\u00edch online pokerov\u00fdch poskytovatel\u016f pro n\u011bmeck\u00e9 hr\u00e1\u010de a tak\u00e9 ve\u0161ker\u00e9 dal\u0161\u00ed informace a bonusov\u00e9 k\u00f3dy pro nejlep\u0161\u00ed online pokerov\u00e9 herny. Prozrad\u00edme v\u00e1m nejlep\u0161\u00ed str\u00e1nky pro hran\u00ed online. Na\u0161\u00edm posl\u00e1n\u00edm je shroma\u017e\u010fovat informace o online pokeru a nejlep\u0161\u00edch online poskytovatel\u00edch. Porovnali a [&hellip;]<\/p>\n","protected":false},"author":1,"featured_media":0,"parent":0,"menu_order":0,"comment_status":"closed","ping_status":"closed","template":"","meta":{"footnotes":""},"class_list":["post-1566","page","type-page","status-publish","hentry"],"yoast_head":"<!-- This site is optimized with the Yoast SEO plugin v25.9 - https:\/\/yoast.com\/wordpress\/plugins\/seo\/ -->\n<title>Nejlep\u0161\u00ed pokerov\u00e9 bonusov\u00e9 k\u00f3dy, recenze pokerov\u00fdch poskytovatel\u016f<\/title>\n<meta name=\"robots\" content=\"index, follow, max-snippet:-1, max-image-preview:large, max-video-preview:-1\" \/>\n<link rel=\"canonical\" href=\"https:\/\/poker-bonuscode.de\/cs\/\" \/>\n<meta property=\"og:locale\" content=\"cs_CZ\" \/>\n<meta property=\"og:type\" content=\"article\" \/>\n<meta property=\"og:title\" content=\"Nejlep\u0161\u00ed pokerov\u00e9 bonusov\u00e9 k\u00f3dy, recenze pokerov\u00fdch poskytovatel\u016f\" \/>\n<meta property=\"og:description\" content=\"Nejlep\u0161\u00ed pokerov\u00e9 bonusov\u00e9 k\u00f3dy, recenze pokerov\u00fdch poskytovatel\u016f V\u00edtejte na Poker-BonusCode.de \u2013 zde najdete recenze nejlep\u0161\u00edch online pokerov\u00fdch poskytovatel\u016f pro n\u011bmeck\u00e9 hr\u00e1\u010de a tak\u00e9 ve\u0161ker\u00e9 dal\u0161\u00ed informace a bonusov\u00e9 k\u00f3dy pro nejlep\u0161\u00ed online pokerov\u00e9 herny. Prozrad\u00edme v\u00e1m nejlep\u0161\u00ed str\u00e1nky pro hran\u00ed online. Na\u0161\u00edm posl\u00e1n\u00edm je shroma\u017e\u010fovat informace o online pokeru a nejlep\u0161\u00edch online poskytovatel\u00edch. Porovnali a [&hellip;]\" \/>\n<meta property=\"og:url\" content=\"https:\/\/poker-bonuscode.de\/cs\/\" \/>\n<meta property=\"og:site_name\" content=\"Poker Bonus Code\" \/>\n<meta property=\"article:modified_time\" content=\"2025-04-28T13:32:08+00:00\" \/>\n<meta name=\"twitter:card\" content=\"summary_large_image\" \/>\n<meta name=\"twitter:label1\" content=\"Odhadovan\u00e1 doba \u010dten\u00ed\" \/>\n\t<meta name=\"twitter:data1\" content=\"3 minuty\" \/>\n<script type=\"application\/ld+json\" class=\"yoast-schema-graph\">{\"@context\":\"https:\/\/schema.org\",\"@graph\":[{\"@type\":\"WebPage\",\"@id\":\"https:\/\/poker-bonuscode.de\/cs\/\",\"url\":\"https:\/\/poker-bonuscode.de\/cs\/\",\"name\":\"Nejlep\u0161\u00ed pokerov\u00e9 bonusov\u00e9 k\u00f3dy, recenze pokerov\u00fdch poskytovatel\u016f\",\"isPartOf\":{\"@id\":\"https:\/\/poker-bonuscode.de\/cs\/#website\"},\"datePublished\":\"2024-07-22T10:29:46+00:00\",\"dateModified\":\"2025-04-28T13:32:08+00:00\",\"breadcrumb\":{\"@id\":\"https:\/\/poker-bonuscode.de\/cs\/#breadcrumb\"},\"inLanguage\":\"cs\",\"potentialAction\":[{\"@type\":\"ReadAction\",\"target\":[\"https:\/\/poker-bonuscode.de\/cs\/\"]}]},{\"@type\":\"BreadcrumbList\",\"@id\":\"https:\/\/poker-bonuscode.de\/cs\/#breadcrumb\",\"itemListElement\":[{\"@type\":\"ListItem\",\"position\":1,\"name\":\"Home\",\"item\":\"https:\/\/poker-bonuscode.de\/cs\/\"},{\"@type\":\"ListItem\",\"position\":2,\"name\":\"Domov\"}]},{\"@type\":\"WebSite\",\"@id\":\"https:\/\/poker-bonuscode.de\/cs\/#website\",\"url\":\"https:\/\/poker-bonuscode.de\/cs\/\",\"name\":\"Poker Bonus Code\",\"description\":\"\",\"potentialAction\":[{\"@type\":\"SearchAction\",\"target\":{\"@type\":\"EntryPoint\",\"urlTemplate\":\"https:\/\/poker-bonuscode.de\/cs\/?s={search_term_string}\"},\"query-input\":{\"@type\":\"PropertyValueSpecification\",\"valueRequired\":true,\"valueName\":\"search_term_string\"}}],\"inLanguage\":\"cs\"}]}<\/script>\n<!-- \/ Yoast SEO plugin. -->","yoast_head_json":{"title":"Nejlep\u0161\u00ed pokerov\u00e9 bonusov\u00e9 k\u00f3dy, recenze pokerov\u00fdch poskytovatel\u016f","robots":{"index":"index","follow":"follow","max-snippet":"max-snippet:-1","max-image-preview":"max-image-preview:large","max-video-preview":"max-video-preview:-1"},"canonical":"https:\/\/poker-bonuscode.de\/cs\/","og_locale":"cs_CZ","og_type":"article","og_title":"Nejlep\u0161\u00ed pokerov\u00e9 bonusov\u00e9 k\u00f3dy, recenze pokerov\u00fdch poskytovatel\u016f","og_description":"Nejlep\u0161\u00ed pokerov\u00e9 bonusov\u00e9 k\u00f3dy, recenze pokerov\u00fdch poskytovatel\u016f V\u00edtejte na Poker-BonusCode.de \u2013 zde najdete recenze nejlep\u0161\u00edch online pokerov\u00fdch poskytovatel\u016f pro n\u011bmeck\u00e9 hr\u00e1\u010de a tak\u00e9 ve\u0161ker\u00e9 dal\u0161\u00ed informace a bonusov\u00e9 k\u00f3dy pro nejlep\u0161\u00ed online pokerov\u00e9 herny. Prozrad\u00edme v\u00e1m nejlep\u0161\u00ed str\u00e1nky pro hran\u00ed online. Na\u0161\u00edm posl\u00e1n\u00edm je shroma\u017e\u010fovat informace o online pokeru a nejlep\u0161\u00edch online poskytovatel\u00edch. Porovnali a [&hellip;]","og_url":"https:\/\/poker-bonuscode.de\/cs\/","og_site_name":"Poker Bonus Code","article_modified_time":"2025-04-28T13:32:08+00:00","twitter_card":"summary_large_image","twitter_misc":{"Odhadovan\u00e1 doba \u010dten\u00ed":"3 minuty"},"schema":{"@context":"https:\/\/schema.org","@graph":[{"@type":"WebPage","@id":"https:\/\/poker-bonuscode.de\/cs\/","url":"https:\/\/poker-bonuscode.de\/cs\/","name":"Nejlep\u0161\u00ed pokerov\u00e9 bonusov\u00e9 k\u00f3dy, recenze pokerov\u00fdch poskytovatel\u016f","isPartOf":{"@id":"https:\/\/poker-bonuscode.de\/cs\/#website"},"datePublished":"2024-07-22T10:29:46+00:00","dateModified":"2025-04-28T13:32:08+00:00","breadcrumb":{"@id":"https:\/\/poker-bonuscode.de\/cs\/#breadcrumb"},"inLanguage":"cs","potentialAction":[{"@type":"ReadAction","target":["https:\/\/poker-bonuscode.de\/cs\/"]}]},{"@type":"BreadcrumbList","@id":"https:\/\/poker-bonuscode.de\/cs\/#breadcrumb","itemListElement":[{"@type":"ListItem","position":1,"name":"Home","item":"https:\/\/poker-bonuscode.de\/cs\/"},{"@type":"ListItem","position":2,"name":"Domov"}]},{"@type":"WebSite","@id":"https:\/\/poker-bonuscode.de\/cs\/#website","url":"https:\/\/poker-bonuscode.de\/cs\/","name":"Poker Bonus Code","description":"","potentialAction":[{"@type":"SearchAction","target":{"@type":"EntryPoint","urlTemplate":"https:\/\/poker-bonuscode.de\/cs\/?s={search_term_string}"},"query-input":{"@type":"PropertyValueSpecification","valueRequired":true,"valueName":"search_term_string"}}],"inLanguage":"cs"}]}},"_links":{"self":[{"href":"https:\/\/poker-bonuscode.de\/cs\/wp-json\/wp\/v2\/pages\/1566","targetHints":{"allow":["GET"]}}],"collection":[{"href":"https:\/\/poker-bonuscode.de\/cs\/wp-json\/wp\/v2\/pages"}],"about":[{"href":"https:\/\/poker-bonuscode.de\/cs\/wp-json\/wp\/v2\/types\/page"}],"author":[{"embeddable":true,"href":"https:\/\/poker-bonuscode.de\/cs\/wp-json\/wp\/v2\/users\/1"}],"replies":[{"embeddable":true,"href":"https:\/\/poker-bonuscode.de\/cs\/wp-json\/wp\/v2\/comments?post=1566"}],"version-history":[{"count":1,"href":"https:\/\/poker-bonuscode.de\/cs\/wp-json\/wp\/v2\/pages\/1566\/revisions"}],"predecessor-version":[{"id":1628,"href":"https:\/\/poker-bonuscode.de\/cs\/wp-json\/wp\/v2\/pages\/1566\/revisions\/1628"}],"wp:attachment":[{"href":"https:\/\/poker-bonuscode.de\/cs\/wp-json\/wp\/v2\/media?parent=1566"}],"curies":[{"name":"wp","href":"https:\/\/api.w.org\/{rel}","templated":true}]}}