{"id":1574,"date":"2024-07-22T11:29:46","date_gmt":"2024-07-22T10:29:46","guid":{"rendered":"https:\/\/poker-bonuscode.de\/kotiin\/"},"modified":"2025-04-28T14:32:32","modified_gmt":"2025-04-28T13:32:32","slug":"kotiin","status":"publish","type":"page","link":"https:\/\/poker-bonuscode.de\/fi\/","title":{"rendered":"Kotiin"},"content":{"rendered":"<h2>Parhaat pokeribonuskoodit, pokeripalveluntarjoajien arvostelut<\/h2>\n<p style=\"text-align: justify\">Tervetuloa Poker-BonusCode.de-sivustolle \u2013 t\u00e4\u00e4lt\u00e4 l\u00f6yd\u00e4t <strong>arvosteluja parhaista nettipokeripalveluntarjoajista<\/strong> saksalaisille pelaajille sek\u00e4 kaikki muut tiedot ja bonuskoodit parhaille nettipokerihuoneille. Kerromme sinulle parhaat sivustot netiss\u00e4 pelaamiseen. Olemme ottaneet teht\u00e4v\u00e4ksemme koota tietoa nettipokerista ja parhaista nettipelintarjoajista.<\/p>\n<p style=\"text-align: justify\">Olemme verranneet ja testanneet kaikkia t\u00e4rkeit\u00e4 <strong>palveluntarjoajia<\/strong>. Selit\u00e4mme, miten sivustot toimivat, mit\u00e4 erityisominaisuuksia eri huoneissa on, mit\u00e4 t\u00e4m\u00e4 tarkoittaa pelillesi ja miten voit hy\u00f6ty\u00e4 bonuksista, joita maksetaan k\u00e4ytt\u00e4m\u00e4ll\u00e4 useita huoneita ja niiden bonuskoodeja. Pid\u00e4mme sinut my\u00f6s ajan tasalla uutisista ja ajankohtaisista turnaustarjouksista ja tapahtumista &#8211; katso oikealta.<\/p>\n<h2>Parhaat nettipokeribonukset kaikilta t\u00e4rkeimmilt\u00e4 nettipalveluntarjoajilta<\/h2>\n<p>&nbsp;<\/p>\n<p style=\"text-align: justify\">Parhaat kampanjat, pelihuoneet aloittelijoille, turnaustarjoukset ja vastustajien pelivahvuudet sek\u00e4 asiakaspalvelun ja ohjelmistojen arvostelut \u2013 l\u00f6yd\u00e4t kaiken t\u00e4\u00e4lt\u00e4. Loppujen lopuksi jokaisella pelaajalla on erilaiset mieltymykset, ja onnistuneen pelaamisen kannalta on t\u00e4rke\u00e4\u00e4 valita pelityyliisi sopiva sivusto.<\/p>\n<p>Useimmissa tapauksissa uudet pokerihuoneet saavuttavat nopeasti suosiota nettipelaajien keskuudessa. N\u00e4m\u00e4 huoneet vakuuttavat yleens\u00e4 uudet tulijat ainutlaatuisella, modernilla ja toimivalla aulasuunnittelullaan ja tietenkin bonustarjouksillaan. Siit\u00e4 huolimatta vankka tarjous, kuten 888 Pokerin 400 dollarin bonus, on eritt\u00e4in suositeltava, erityisesti aloittelijoille. Lis\u00e4ksi **888 Poker** tarjoaa laajan valikoiman pienten panosten p\u00f6yti\u00e4. Erityisesti n\u00e4iss\u00e4 p\u00f6ydiss\u00e4 kilpailu on melko heikkoa ja helppo voittaa.<\/p>\n<p>888 Poker tarjoaa t\u00e4ll\u00e4 hetkell\u00e4 **ilmaisen 88 \u20ac:n aloitusp\u00e4\u00e4oman** &#8211; **rekister\u00f6idy 888 Pokeriin t\u00e4ll\u00e4 linkill\u00e4**! N\u00e4in voit pelata pokeria oikealla rahalla ilman riski\u00e4 ja tekem\u00e4tt\u00e4 omaa talletusta. Kuka tahansa, joka k\u00e4ytt\u00e4\u00e4 tarpeeksi aikaa tarvittavan strategisen tiedon hankkimiseen, voi kasvattaa pelikassaansa n\u00e4ill\u00e4 88 euron voitoilla ja siirty\u00e4 v\u00e4hitellen korkeammille blind-tasoille.<\/p>\n<h2 style=\"text-align: justify\">Palveluntarjoajien arviointikriteerit<\/h2>\n<p style=\"text-align: justify\">Bonusten ja pokeriohjelmiston laadun lis\u00e4ksi arvioimme jokaista palveluntarjoajaa useiden n\u00e4k\u00f6kohtien ja kriteerien perusteella. N\u00e4it\u00e4 ovat muun muassa:<\/p>\n<ul>\n<li style=\"text-align: justify\">Asiakaspalvelun laatu (saksankielinen?)<\/li>\n<li style=\"text-align: justify\">Turvallisuusn\u00e4k\u00f6kohdat sek\u00e4 pelatessa ett\u00e4 rahaa siirrett\u00e4ess\u00e4<\/li>\n<li style=\"text-align: justify\">K\u00e4ytett\u00e4viss\u00e4 olevat talletus- ja kotiutusvaihtoehdot<\/li>\n<li style=\"text-align: justify\">Tarjolla on erilaisia \u200b\u200bpelej\u00e4, sek\u00e4 pokeria ett\u00e4 sivupelej\u00e4 (kasino, urheiluvedonly\u00f6nti jne.)<\/li>\n<li style=\"text-align: justify\">Turnauskalenteri &#8211; osallistujam\u00e4\u00e4r\u00e4t ja palkintorahat<\/li>\n<\/ul>\n<h2 style=\"text-align: justify\">Vinkkej\u00e4 pokeristrategiaan<\/h2>\n<p style=\"text-align: justify\"><strong>Onni ei ole pokerin avain<\/strong> &#8211; artikkeleistamme <strong>strategiasta ja valmennuksesta<\/strong>, strategiakoulutuksestamme aloittelijoille ja edistyneille pelaajille, l\u00f6yd\u00e4t kaikki tarvitsemasi tiedot siit\u00e4, miten voittaa p\u00f6ydiss\u00e4 ja ansaita rahaa. Sinun kannattaa ehdottomasti lukea n\u00e4m\u00e4 strategiavinkit, sill\u00e4 jos istut p\u00f6yt\u00e4\u00e4n ilman mink\u00e4\u00e4nlaista strategiaosaamista, voit yht\u00e4 hyvin pelata lottoa netiss\u00e4.<\/p>\n<p>Tiimimme toivottaa sinulle nautinnollisia lukuhetki\u00e4 \u2013 ja tietenkin onnea virtuaalip\u00f6ytien \u00e4\u00e4rell\u00e4!<\/p>\n<p>Ja jos pokeri on sinulle liian monimutkaista, voit kokeilla onneasi <a href=\"http:\/\/www.gambling6.com\/de\/\" target=\"_blank\" rel=\"noopener\"><strong>nettikasinolla<\/strong><\/a>&#8230;<\/p>\n","protected":false},"excerpt":{"rendered":"<p>Parhaat pokeribonuskoodit, pokeripalveluntarjoajien arvostelut Tervetuloa Poker-BonusCode.de-sivustolle \u2013 t\u00e4\u00e4lt\u00e4 l\u00f6yd\u00e4t arvosteluja parhaista nettipokeripalveluntarjoajista saksalaisille pelaajille sek\u00e4 kaikki muut tiedot ja bonuskoodit parhaille nettipokerihuoneille. Kerromme sinulle parhaat sivustot netiss\u00e4 pelaamiseen. Olemme ottaneet teht\u00e4v\u00e4ksemme koota tietoa nettipokerista ja parhaista nettipelintarjoajista. Olemme verranneet ja testanneet kaikkia t\u00e4rkeit\u00e4 palveluntarjoajia. Selit\u00e4mme, miten sivustot toimivat, mit\u00e4 erityisominaisuuksia eri huoneissa on, mit\u00e4 t\u00e4m\u00e4 [&hellip;]<\/p>\n","protected":false},"author":1,"featured_media":0,"parent":0,"menu_order":0,"comment_status":"closed","ping_status":"closed","template":"","meta":{"footnotes":""},"class_list":["post-1574","page","type-page","status-publish","hentry"],"yoast_head":"<!-- This site is optimized with the Yoast SEO plugin v25.9 - https:\/\/yoast.com\/wordpress\/plugins\/seo\/ -->\n<title>Parhaat pokeribonuskoodit, pokeripalveluntarjoajien arvostelut<\/title>\n<meta name=\"robots\" content=\"index, follow, max-snippet:-1, max-image-preview:large, max-video-preview:-1\" \/>\n<link rel=\"canonical\" href=\"https:\/\/poker-bonuscode.de\/fi\/\" \/>\n<meta property=\"og:locale\" content=\"fi_FI\" \/>\n<meta property=\"og:type\" content=\"article\" \/>\n<meta property=\"og:title\" content=\"Parhaat pokeribonuskoodit, pokeripalveluntarjoajien arvostelut\" \/>\n<meta property=\"og:description\" content=\"Parhaat pokeribonuskoodit, pokeripalveluntarjoajien arvostelut Tervetuloa Poker-BonusCode.de-sivustolle \u2013 t\u00e4\u00e4lt\u00e4 l\u00f6yd\u00e4t arvosteluja parhaista nettipokeripalveluntarjoajista saksalaisille pelaajille sek\u00e4 kaikki muut tiedot ja bonuskoodit parhaille nettipokerihuoneille. Kerromme sinulle parhaat sivustot netiss\u00e4 pelaamiseen. Olemme ottaneet teht\u00e4v\u00e4ksemme koota tietoa nettipokerista ja parhaista nettipelintarjoajista. Olemme verranneet ja testanneet kaikkia t\u00e4rkeit\u00e4 palveluntarjoajia. Selit\u00e4mme, miten sivustot toimivat, mit\u00e4 erityisominaisuuksia eri huoneissa on, mit\u00e4 t\u00e4m\u00e4 [&hellip;]\" \/>\n<meta property=\"og:url\" content=\"https:\/\/poker-bonuscode.de\/fi\/\" \/>\n<meta property=\"og:site_name\" content=\"Poker Bonus Code\" \/>\n<meta property=\"article:modified_time\" content=\"2025-04-28T13:32:32+00:00\" \/>\n<meta name=\"twitter:card\" content=\"summary_large_image\" \/>\n<meta name=\"twitter:label1\" content=\"Arvioitu lukuaika\" \/>\n\t<meta name=\"twitter:data1\" content=\"2 minuuttia\" \/>\n<script type=\"application\/ld+json\" class=\"yoast-schema-graph\">{\"@context\":\"https:\/\/schema.org\",\"@graph\":[{\"@type\":\"WebPage\",\"@id\":\"https:\/\/poker-bonuscode.de\/fi\/\",\"url\":\"https:\/\/poker-bonuscode.de\/fi\/\",\"name\":\"Parhaat pokeribonuskoodit, pokeripalveluntarjoajien arvostelut\",\"isPartOf\":{\"@id\":\"https:\/\/poker-bonuscode.de\/fi\/#website\"},\"datePublished\":\"2024-07-22T10:29:46+00:00\",\"dateModified\":\"2025-04-28T13:32:32+00:00\",\"breadcrumb\":{\"@id\":\"https:\/\/poker-bonuscode.de\/fi\/#breadcrumb\"},\"inLanguage\":\"fi\",\"potentialAction\":[{\"@type\":\"ReadAction\",\"target\":[\"https:\/\/poker-bonuscode.de\/fi\/\"]}]},{\"@type\":\"BreadcrumbList\",\"@id\":\"https:\/\/poker-bonuscode.de\/fi\/#breadcrumb\",\"itemListElement\":[{\"@type\":\"ListItem\",\"position\":1,\"name\":\"Home\",\"item\":\"https:\/\/poker-bonuscode.de\/fi\/\"},{\"@type\":\"ListItem\",\"position\":2,\"name\":\"Kotiin\"}]},{\"@type\":\"WebSite\",\"@id\":\"https:\/\/poker-bonuscode.de\/fi\/#website\",\"url\":\"https:\/\/poker-bonuscode.de\/fi\/\",\"name\":\"Poker Bonus Code\",\"description\":\"\",\"potentialAction\":[{\"@type\":\"SearchAction\",\"target\":{\"@type\":\"EntryPoint\",\"urlTemplate\":\"https:\/\/poker-bonuscode.de\/fi\/?s={search_term_string}\"},\"query-input\":{\"@type\":\"PropertyValueSpecification\",\"valueRequired\":true,\"valueName\":\"search_term_string\"}}],\"inLanguage\":\"fi\"}]}<\/script>\n<!-- \/ Yoast SEO plugin. -->","yoast_head_json":{"title":"Parhaat pokeribonuskoodit, pokeripalveluntarjoajien arvostelut","robots":{"index":"index","follow":"follow","max-snippet":"max-snippet:-1","max-image-preview":"max-image-preview:large","max-video-preview":"max-video-preview:-1"},"canonical":"https:\/\/poker-bonuscode.de\/fi\/","og_locale":"fi_FI","og_type":"article","og_title":"Parhaat pokeribonuskoodit, pokeripalveluntarjoajien arvostelut","og_description":"Parhaat pokeribonuskoodit, pokeripalveluntarjoajien arvostelut Tervetuloa Poker-BonusCode.de-sivustolle \u2013 t\u00e4\u00e4lt\u00e4 l\u00f6yd\u00e4t arvosteluja parhaista nettipokeripalveluntarjoajista saksalaisille pelaajille sek\u00e4 kaikki muut tiedot ja bonuskoodit parhaille nettipokerihuoneille. Kerromme sinulle parhaat sivustot netiss\u00e4 pelaamiseen. Olemme ottaneet teht\u00e4v\u00e4ksemme koota tietoa nettipokerista ja parhaista nettipelintarjoajista. Olemme verranneet ja testanneet kaikkia t\u00e4rkeit\u00e4 palveluntarjoajia. Selit\u00e4mme, miten sivustot toimivat, mit\u00e4 erityisominaisuuksia eri huoneissa on, mit\u00e4 t\u00e4m\u00e4 [&hellip;]","og_url":"https:\/\/poker-bonuscode.de\/fi\/","og_site_name":"Poker Bonus Code","article_modified_time":"2025-04-28T13:32:32+00:00","twitter_card":"summary_large_image","twitter_misc":{"Arvioitu lukuaika":"2 minuuttia"},"schema":{"@context":"https:\/\/schema.org","@graph":[{"@type":"WebPage","@id":"https:\/\/poker-bonuscode.de\/fi\/","url":"https:\/\/poker-bonuscode.de\/fi\/","name":"Parhaat pokeribonuskoodit, pokeripalveluntarjoajien arvostelut","isPartOf":{"@id":"https:\/\/poker-bonuscode.de\/fi\/#website"},"datePublished":"2024-07-22T10:29:46+00:00","dateModified":"2025-04-28T13:32:32+00:00","breadcrumb":{"@id":"https:\/\/poker-bonuscode.de\/fi\/#breadcrumb"},"inLanguage":"fi","potentialAction":[{"@type":"ReadAction","target":["https:\/\/poker-bonuscode.de\/fi\/"]}]},{"@type":"BreadcrumbList","@id":"https:\/\/poker-bonuscode.de\/fi\/#breadcrumb","itemListElement":[{"@type":"ListItem","position":1,"name":"Home","item":"https:\/\/poker-bonuscode.de\/fi\/"},{"@type":"ListItem","position":2,"name":"Kotiin"}]},{"@type":"WebSite","@id":"https:\/\/poker-bonuscode.de\/fi\/#website","url":"https:\/\/poker-bonuscode.de\/fi\/","name":"Poker Bonus Code","description":"","potentialAction":[{"@type":"SearchAction","target":{"@type":"EntryPoint","urlTemplate":"https:\/\/poker-bonuscode.de\/fi\/?s={search_term_string}"},"query-input":{"@type":"PropertyValueSpecification","valueRequired":true,"valueName":"search_term_string"}}],"inLanguage":"fi"}]}},"_links":{"self":[{"href":"https:\/\/poker-bonuscode.de\/fi\/wp-json\/wp\/v2\/pages\/1574","targetHints":{"allow":["GET"]}}],"collection":[{"href":"https:\/\/poker-bonuscode.de\/fi\/wp-json\/wp\/v2\/pages"}],"about":[{"href":"https:\/\/poker-bonuscode.de\/fi\/wp-json\/wp\/v2\/types\/page"}],"author":[{"embeddable":true,"href":"https:\/\/poker-bonuscode.de\/fi\/wp-json\/wp\/v2\/users\/1"}],"replies":[{"embeddable":true,"href":"https:\/\/poker-bonuscode.de\/fi\/wp-json\/wp\/v2\/comments?post=1574"}],"version-history":[{"count":1,"href":"https:\/\/poker-bonuscode.de\/fi\/wp-json\/wp\/v2\/pages\/1574\/revisions"}],"predecessor-version":[{"id":1630,"href":"https:\/\/poker-bonuscode.de\/fi\/wp-json\/wp\/v2\/pages\/1574\/revisions\/1630"}],"wp:attachment":[{"href":"https:\/\/poker-bonuscode.de\/fi\/wp-json\/wp\/v2\/media?parent=1574"}],"curies":[{"name":"wp","href":"https:\/\/api.w.org\/{rel}","templated":true}]}}