{"id":2097,"date":"2024-07-22T11:29:46","date_gmt":"2024-07-22T10:29:46","guid":{"rendered":"https:\/\/poker-bonuscode.de\/dom\/"},"modified":"2024-07-22T11:29:46","modified_gmt":"2024-07-22T10:29:46","slug":"dom","status":"publish","type":"page","link":"https:\/\/poker-bonuscode.de\/hr\/","title":{"rendered":"Dom"},"content":{"rendered":"<h2>Najbolji poker bonus kodovi, recenzije poker pru\u017eatelja usluga<\/h2>\n<p style=\"text-align: justify;\">Dobrodo\u0161li na Poker-BonusCode.de &#8211; ovdje \u0107ete prona\u0107i recenzije najboljih online poker pru\u017eatelja usluga za njema\u010dke igra\u010de, kao i sve ostale informacije i bonus kodove za najbolje online poker sobe. Re\u0107i \u0107emo vam najbolje stranice za igranje online. Na\u0161a je misija prikupiti informacije o online pokeru i najboljim online pru\u017eateljima usluga.<\/p>\n<p style=\"text-align: justify;\">Uspore\u0111ujemo i testiramo sve glavne <strong>pru\u017eatelje usluga<\/strong>. Obja\u0161njavamo kako stranice funkcioniraju, koje posebne zna\u010dajke imaju razli\u010dite sobe, \u0161to to zna\u010di za va\u0161u igru \u200b\u200bi kako mo\u017eete profitirati od bonusa koji se nude kori\u0161tenjem vi\u0161e soba i njihovih bonus kodova. Tako\u0111er \u0107emo vas obavje\u0161tavati o novostima i trenutnim ponudama turnira i doga\u0111anjima &#8211; pogledajte desno.<\/p>\n<h2>Najbolji online poker bonusi za sve glavne online pru\u017eatelje usluga<\/h2>\n<p style=\"text-align: justify;\">Najbolje promocije, sobe za po\u010detnike, ponude turnira i razine vje\u0161tina protivnika, kao i korisni\u010dka podr\u0161ka i recenzije softvera &#8211; sve \u0107ete to prona\u0107i ovdje. Uostalom, svaki igra\u010d ima druga\u010dije preferencije, a za uspje\u0161no igranje va\u017eno je odabrati stranicu koja odgovara va\u0161oj igri.<\/p>\n<p>Nove poker sobe obi\u010dno brzo stje\u010du popularnost me\u0111u online igra\u010dima. Ove sobe obi\u010dno osvajaju nove igra\u010de jedinstvenim, modernim i funkcionalnim dizajnom predvorja i, naravno, svojim bonus ponudama. Me\u0111utim, solidna ponuda poput bonusa od 400 dolara na 888 Pokeru najvi\u0161e se preporu\u010duje, posebno po\u010detnicima. Osim toga, 888 Poker ima veliki izbor stolova s \u200b\u200bniskim ulozima. Konkurencija je posebno slaba za ovim stolovima i lako ju je pobijediti.<\/p>\n<p>888 Poker trenutno nudi \u010dak i besplatni po\u010detni kapital od 88 \u20ac &#8211; koristite ovu poveznicu za registraciju na 888 Poker! Na taj na\u010din mo\u017eete igrati za pravi novac bez rizika i bez uplate depozita. Oni koji ulo\u017ee dovoljno vremena u stjecanje potrebnog strate\u0161kog znanja mogu izgraditi svoj bankroll kroz dobitke na temelju ovih 88 \u20ac i postupno napredovati do vi\u0161ih razina blindova.<\/p>\n<h2 style=\"text-align: justify;\">Kriteriji za ocjenjivanje pru\u017eatelja usluga<\/h2>\n<p style=\"text-align: justify;\">Osim bonusa i kvalitete poker softvera, svakog pru\u017eatelja usluga ocjenjujemo na temelju niza aspekata i kriterija. To uklju\u010duje:<\/p>\n<ul>\n<li style=\"text-align: justify;\">Kvaliteta korisni\u010dke usluge (govorite njema\u010dki?)<\/li>\n<li style=\"text-align: justify;\">Sigurnosni aspekti, kako tijekom igre tako i prilikom transfera novca<\/li>\n<li style=\"text-align: justify;\">Dostupne opcije uplate i isplate<\/li>\n<li style=\"text-align: justify;\">Raznolikost ponu\u0111enih igara, i poker i dodatne igre (casino, sportsko kla\u0111enje itd.)<\/li>\n<li style=\"text-align: justify;\">Kalendar turnira &#8211; koli\u010dina i nagradni fond<\/li>\n<\/ul>\n<h2 style=\"text-align: justify;\">Savjeti o strategiji pokera<\/h2>\n<p style=\"text-align: justify;\"><strong>Sre\u0107a nije klju\u010d pokera<\/strong> &#8211; vi\u0161e informacija prona\u0107i \u0107ete u na\u0161im \u010dlancima o <strong>strategiji i treniranju<\/strong>, na\u0161oj strategijskoj obuci za po\u010detnike i napredne igra\u010de. Prona\u0107i \u0107ete sve potrebne informacije o tome kako pobijediti za stolovima i na taj na\u010din zaraditi novac. Svakako biste trebali pro\u010ditati ove savjete o strategiji, jer ako sjednete za stol bez ikakvog znanja o strategiji, mogli biste jednostavno igrati lutriju online.<\/p>\n<p>Na\u0161 tim vam \u017eeli ugodno \u010ditanje \u2013 i, naravno, sre\u0107u za virtualnim stolovima!<\/p>\n<p>A ako vam je poker previ\u0161e kompliciran, uvijek mo\u017eete oku\u0161ati sre\u0107u u <strong>online kasinu<\/strong><\/a>&#8230;<\/p>\n","protected":false},"excerpt":{"rendered":"<p>Najbolji poker bonus kodovi, recenzije poker pru\u017eatelja usluga Dobrodo\u0161li na Poker-BonusCode.de &#8211; ovdje \u0107ete prona\u0107i recenzije najboljih online poker pru\u017eatelja usluga za njema\u010dke igra\u010de, kao i sve ostale informacije i bonus kodove za najbolje online poker sobe. Re\u0107i \u0107emo vam najbolje stranice za igranje online. Na\u0161a je misija prikupiti informacije o online pokeru i najboljim [&hellip;]<\/p>\n","protected":false},"author":1,"featured_media":0,"parent":0,"menu_order":0,"comment_status":"closed","ping_status":"closed","template":"","meta":{"footnotes":""},"class_list":["post-2097","page","type-page","status-publish","hentry"],"yoast_head":"<!-- This site is optimized with the Yoast SEO plugin v25.9 - https:\/\/yoast.com\/wordpress\/plugins\/seo\/ -->\n<title>Najbolji poker bonus kodovi, recenzije poker provajdera<\/title>\n<meta name=\"robots\" content=\"index, follow, max-snippet:-1, max-image-preview:large, max-video-preview:-1\" \/>\n<link rel=\"canonical\" href=\"https:\/\/poker-bonuscode.de\/hr\/\" \/>\n<meta property=\"og:locale\" content=\"hr_HR\" \/>\n<meta property=\"og:type\" content=\"article\" \/>\n<meta property=\"og:title\" content=\"Najbolji poker bonus kodovi, recenzije poker provajdera\" \/>\n<meta property=\"og:description\" content=\"Najbolji poker bonus kodovi, recenzije poker pru\u017eatelja usluga Dobrodo\u0161li na Poker-BonusCode.de &#8211; ovdje \u0107ete prona\u0107i recenzije najboljih online poker pru\u017eatelja usluga za njema\u010dke igra\u010de, kao i sve ostale informacije i bonus kodove za najbolje online poker sobe. Re\u0107i \u0107emo vam najbolje stranice za igranje online. Na\u0161a je misija prikupiti informacije o online pokeru i najboljim [&hellip;]\" \/>\n<meta property=\"og:url\" content=\"https:\/\/poker-bonuscode.de\/hr\/\" \/>\n<meta property=\"og:site_name\" content=\"Poker Bonus Code\" \/>\n<meta name=\"twitter:card\" content=\"summary_large_image\" \/>\n<meta name=\"twitter:label1\" content=\"Procijenjeno vrijeme \u010ditanja\" \/>\n\t<meta name=\"twitter:data1\" content=\"3 minute\" \/>\n<script type=\"application\/ld+json\" class=\"yoast-schema-graph\">{\"@context\":\"https:\/\/schema.org\",\"@graph\":[{\"@type\":\"WebPage\",\"@id\":\"https:\/\/poker-bonuscode.de\/hr\/\",\"url\":\"https:\/\/poker-bonuscode.de\/hr\/\",\"name\":\"Najbolji poker bonus kodovi, recenzije poker provajdera\",\"isPartOf\":{\"@id\":\"https:\/\/poker-bonuscode.de\/hr\/#website\"},\"datePublished\":\"2024-07-22T10:29:46+00:00\",\"breadcrumb\":{\"@id\":\"https:\/\/poker-bonuscode.de\/hr\/#breadcrumb\"},\"inLanguage\":\"hr\",\"potentialAction\":[{\"@type\":\"ReadAction\",\"target\":[\"https:\/\/poker-bonuscode.de\/hr\/\"]}]},{\"@type\":\"BreadcrumbList\",\"@id\":\"https:\/\/poker-bonuscode.de\/hr\/#breadcrumb\",\"itemListElement\":[{\"@type\":\"ListItem\",\"position\":1,\"name\":\"Home\",\"item\":\"https:\/\/poker-bonuscode.de\/hr\/\"},{\"@type\":\"ListItem\",\"position\":2,\"name\":\"Dom\"}]},{\"@type\":\"WebSite\",\"@id\":\"https:\/\/poker-bonuscode.de\/hr\/#website\",\"url\":\"https:\/\/poker-bonuscode.de\/hr\/\",\"name\":\"Poker Bonus Code\",\"description\":\"\",\"potentialAction\":[{\"@type\":\"SearchAction\",\"target\":{\"@type\":\"EntryPoint\",\"urlTemplate\":\"https:\/\/poker-bonuscode.de\/hr\/?s={search_term_string}\"},\"query-input\":{\"@type\":\"PropertyValueSpecification\",\"valueRequired\":true,\"valueName\":\"search_term_string\"}}],\"inLanguage\":\"hr\"}]}<\/script>\n<!-- \/ Yoast SEO plugin. -->","yoast_head_json":{"title":"Najbolji poker bonus kodovi, recenzije poker provajdera","robots":{"index":"index","follow":"follow","max-snippet":"max-snippet:-1","max-image-preview":"max-image-preview:large","max-video-preview":"max-video-preview:-1"},"canonical":"https:\/\/poker-bonuscode.de\/hr\/","og_locale":"hr_HR","og_type":"article","og_title":"Najbolji poker bonus kodovi, recenzije poker provajdera","og_description":"Najbolji poker bonus kodovi, recenzije poker pru\u017eatelja usluga Dobrodo\u0161li na Poker-BonusCode.de &#8211; ovdje \u0107ete prona\u0107i recenzije najboljih online poker pru\u017eatelja usluga za njema\u010dke igra\u010de, kao i sve ostale informacije i bonus kodove za najbolje online poker sobe. Re\u0107i \u0107emo vam najbolje stranice za igranje online. Na\u0161a je misija prikupiti informacije o online pokeru i najboljim [&hellip;]","og_url":"https:\/\/poker-bonuscode.de\/hr\/","og_site_name":"Poker Bonus Code","twitter_card":"summary_large_image","twitter_misc":{"Procijenjeno vrijeme \u010ditanja":"3 minute"},"schema":{"@context":"https:\/\/schema.org","@graph":[{"@type":"WebPage","@id":"https:\/\/poker-bonuscode.de\/hr\/","url":"https:\/\/poker-bonuscode.de\/hr\/","name":"Najbolji poker bonus kodovi, recenzije poker provajdera","isPartOf":{"@id":"https:\/\/poker-bonuscode.de\/hr\/#website"},"datePublished":"2024-07-22T10:29:46+00:00","breadcrumb":{"@id":"https:\/\/poker-bonuscode.de\/hr\/#breadcrumb"},"inLanguage":"hr","potentialAction":[{"@type":"ReadAction","target":["https:\/\/poker-bonuscode.de\/hr\/"]}]},{"@type":"BreadcrumbList","@id":"https:\/\/poker-bonuscode.de\/hr\/#breadcrumb","itemListElement":[{"@type":"ListItem","position":1,"name":"Home","item":"https:\/\/poker-bonuscode.de\/hr\/"},{"@type":"ListItem","position":2,"name":"Dom"}]},{"@type":"WebSite","@id":"https:\/\/poker-bonuscode.de\/hr\/#website","url":"https:\/\/poker-bonuscode.de\/hr\/","name":"Poker Bonus Code","description":"","potentialAction":[{"@type":"SearchAction","target":{"@type":"EntryPoint","urlTemplate":"https:\/\/poker-bonuscode.de\/hr\/?s={search_term_string}"},"query-input":{"@type":"PropertyValueSpecification","valueRequired":true,"valueName":"search_term_string"}}],"inLanguage":"hr"}]}},"_links":{"self":[{"href":"https:\/\/poker-bonuscode.de\/hr\/wp-json\/wp\/v2\/pages\/2097","targetHints":{"allow":["GET"]}}],"collection":[{"href":"https:\/\/poker-bonuscode.de\/hr\/wp-json\/wp\/v2\/pages"}],"about":[{"href":"https:\/\/poker-bonuscode.de\/hr\/wp-json\/wp\/v2\/types\/page"}],"author":[{"embeddable":true,"href":"https:\/\/poker-bonuscode.de\/hr\/wp-json\/wp\/v2\/users\/1"}],"replies":[{"embeddable":true,"href":"https:\/\/poker-bonuscode.de\/hr\/wp-json\/wp\/v2\/comments?post=2097"}],"version-history":[{"count":0,"href":"https:\/\/poker-bonuscode.de\/hr\/wp-json\/wp\/v2\/pages\/2097\/revisions"}],"wp:attachment":[{"href":"https:\/\/poker-bonuscode.de\/hr\/wp-json\/wp\/v2\/media?parent=2097"}],"curies":[{"name":"wp","href":"https:\/\/api.w.org\/{rel}","templated":true}]}}