{"id":2110,"date":"2024-07-22T11:29:46","date_gmt":"2024-07-22T10:29:46","guid":{"rendered":"https:\/\/poker-bonuscode.de\/pradzia\/"},"modified":"2024-07-22T11:29:46","modified_gmt":"2024-07-22T10:29:46","slug":"pradzia","status":"publish","type":"page","link":"https:\/\/poker-bonuscode.de\/lt\/","title":{"rendered":"Prad\u017eia"},"content":{"rendered":"<h2>Geriausi pokerio premij\u0173 kodai, pokerio tiek\u0117j\u0173 ap\u017evalgos<\/h2>\n<p style=\"text-align: justify;\">Sveiki atvyk\u0119 \u012f Poker-BonusCode.de \u2013 \u010dia rasite geriausi\u0173 internetinio pokerio tiek\u0117j\u0173, skirt\u0173 Vokietijos \u017eaid\u0117jams, ap\u017evalgas, taip pat vis\u0105 kit\u0105 informacij\u0105 ir premij\u0173 kodus geriausiems internetinio pokerio kambariams. Mes jums papasakosime apie geriausias svetaines, skirtas \u017eaisti internete. M\u016bs\u0173 misija \u2013 surinkti informacij\u0105 apie internetin\u012f poker\u012f ir geriausius internetinius tiek\u0117jus.<\/p>\n<p style=\"text-align: justify;\">Mes lyginame ir testuojame visus pagrindinius <strong>tiek\u0117jus<\/strong>. Paai\u0161kiname, kaip veikia svetain\u0117s, kokias specialias funkcijas turi skirtingi kambariai, k\u0105 tai rei\u0161kia j\u016bs\u0173 \u017eaidimui ir kaip galite pasinaudoti premijomis, si\u016blomomis naudojant kelis kambarius ir j\u0173 premij\u0173 kodus. Taip pat informuosime jus apie naujienas ir dabartinius turnyr\u0173 pasi\u016blymus bei renginius \u2013 \u017er. de\u0161in\u0117je.<\/p>\n<h2>Geriausios internetinio pokerio premijos visiems pagrindiniams internetiniams tiek\u0117jams<\/h2>\n<p style=\"text-align: justify;\">Geriausios akcijos, kambariai pradedantiesiems, turnyr\u0173 pasi\u016blymai ir prie\u0161inink\u0173 \u012fg\u016bd\u017ei\u0173 lygiai, taip pat klient\u0173 aptarnavimas ir programin\u0117s \u012frangos ap\u017evalgos \u2013 visa tai rasite \u010dia. Juk kiekvienas \u017eaid\u0117jas turi skirtingus pageidavimus, o norint s\u0117kmingai \u017eaisti, svarbu pasirinkti svetain\u0119, kuri tinka j\u016bs\u0173 \u017eaidimui.<\/p>\n<p>Nauji pokerio kambariai paprastai greitai \u012fgyja populiarum\u0105 tarp internetini\u0173 \u017eaid\u0117j\u0173. \u0160ie kambariai paprastai u\u017ekariauja naujokus unikaliu, moderniu ir funkcionaliu vestibiulio dizainu ir, \u017einoma, savo premij\u0173 pasi\u016blymais. Ta\u010diau ypa\u010d pradedantiesiems rekomenduojamas solidus pasi\u016blymas, pavyzd\u017eiui, 888 Poker 400 USD premija. Be to, 888 Poker turi didel\u012f ma\u017e\u0173 statym\u0173 stal\u0173 pasirinkim\u0105. Prie \u0161i\u0173 stal\u0173 konkurencija yra ypa\u010d silpna ir juos lengva \u012fveikti.<\/p>\n<p>\u201e888 Poker\u201c \u0161iuo metu netgi si\u016blo nemokam\u0105 88 \u20ac pradin\u012f kapital\u0105 \u2013 u\u017esiregistruokite \u201e888 Poker\u201c svetain\u0117je naudodamiesi \u0161ia nuoroda! Tokiu b\u016bdu galite \u017eaisti i\u0161 tikr\u0173 pinig\u0173 be rizikos ir neatlikdami \u012fmokos. Tie, kurie skiria pakankamai laiko \u012fgyti reikiam\u0173 strategini\u0173 \u017eini\u0173, gali susikurti savo bankroll\u0105 laim\u0117dami i\u0161 \u0161i\u0173 88 \u20ac ir palaipsniui pereiti prie auk\u0161tesni\u0173 privalom\u0173j\u0173 statym\u0173 lygi\u0173.<\/p>\n<h2 style=\"text-align: justify;\">Teik\u0117j\u0173 vertinimo kriterijai<\/h2>\n<p style=\"text-align: justify;\">Be premij\u0173 ir pokerio programin\u0117s \u012frangos kokyb\u0117s, kiekvien\u0105 tiek\u0117j\u0105 vertiname pagal daugyb\u0119 aspekt\u0173 ir kriterij\u0173. Tai apima:<\/p>\n<ul>\n<li style=\"text-align: justify;\">Klient\u0173 aptarnavimo kokyb\u0117 (voki\u0161kai kalbantys?)<\/li>\n<li style=\"text-align: justify;\">Saugumo aspektai tiek \u017eaidimo metu, tiek pervedant pinigus<\/li>\n<li style=\"text-align: justify;\">Galimos \u012fmok\u0173 ir i\u0161\u0117mim\u0173 parinktys<\/li>\n<li style=\"text-align: justify;\">Si\u016blom\u0173 \u017eaidim\u0173 \u012fvairov\u0117, tiek pokeris, tiek \u0161alutiniai \u017eaidimai (kazino, sporto la\u017eybos ir kt.)<\/li>\n<li style=\"text-align: justify;\">Turnyro kalendorius \u2013 kiekis ir prizinis fondas<\/li>\n<\/ul>\n<h2 style=\"text-align: justify;\">Patarimai apie pokerio strategij\u0105<\/h2>\n<p style=\"text-align: justify;\"><strong>S\u0117km\u0117 n\u0117ra raktas \u012f poker\u012f<\/strong> \u2013 daugiau informacijos rasite m\u016bs\u0173 straipsniuose apie <strong>strategij\u0105 ir kou\u010ding\u0105<\/strong>, m\u016bs\u0173 strategijos mokymuose pradedantiesiems ir pa\u017eengusiems \u017eaid\u0117jams. Rasite vis\u0105 reikiam\u0105 informacij\u0105 apie tai, kaip laim\u0117ti prie stal\u0173 ir tokiu b\u016bdu u\u017esidirbti pinig\u0173. B\u016btinai perskaitykite \u0161iuos strategijos patarimus, nes jei atsis\u0117site prie stalo netur\u0117dami joki\u0173 strategijos \u017eini\u0173, galite tiesiog \u017eaisti loterij\u0105 internete.<\/p>\n<p>M\u016bs\u0173 komanda linki malonaus skaitymo \u2013 ir, \u017einoma, s\u0117km\u0117s prie virtuali\u0173 stal\u0173!<\/p>\n<p>O jei pokeris jums per sud\u0117tingas, visada galite i\u0161bandyti laim\u0119 **internetiniame kazino**&#8230;<\/p>\n","protected":false},"excerpt":{"rendered":"<p>Geriausi pokerio premij\u0173 kodai, pokerio tiek\u0117j\u0173 ap\u017evalgos Sveiki atvyk\u0119 \u012f Poker-BonusCode.de \u2013 \u010dia rasite geriausi\u0173 internetinio pokerio tiek\u0117j\u0173, skirt\u0173 Vokietijos \u017eaid\u0117jams, ap\u017evalgas, taip pat vis\u0105 kit\u0105 informacij\u0105 ir premij\u0173 kodus geriausiems internetinio pokerio kambariams. Mes jums papasakosime apie geriausias svetaines, skirtas \u017eaisti internete. M\u016bs\u0173 misija \u2013 surinkti informacij\u0105 apie internetin\u012f poker\u012f ir geriausius internetinius tiek\u0117jus. [&hellip;]<\/p>\n","protected":false},"author":1,"featured_media":0,"parent":0,"menu_order":0,"comment_status":"closed","ping_status":"closed","template":"","meta":{"footnotes":""},"class_list":["post-2110","page","type-page","status-publish","hentry"],"yoast_head":"<!-- This site is optimized with the Yoast SEO plugin v25.9 - https:\/\/yoast.com\/wordpress\/plugins\/seo\/ -->\n<title>Geriausi pokerio premij\u0173 kodai, pokerio tiek\u0117j\u0173 ap\u017evalgos<\/title>\n<meta name=\"robots\" content=\"index, follow, max-snippet:-1, max-image-preview:large, max-video-preview:-1\" \/>\n<link rel=\"canonical\" href=\"https:\/\/poker-bonuscode.de\/lt\/\" \/>\n<meta property=\"og:locale\" content=\"lt_LT\" \/>\n<meta property=\"og:type\" content=\"article\" \/>\n<meta property=\"og:title\" content=\"Geriausi pokerio premij\u0173 kodai, pokerio tiek\u0117j\u0173 ap\u017evalgos\" \/>\n<meta property=\"og:description\" content=\"Geriausi pokerio premij\u0173 kodai, pokerio tiek\u0117j\u0173 ap\u017evalgos Sveiki atvyk\u0119 \u012f Poker-BonusCode.de \u2013 \u010dia rasite geriausi\u0173 internetinio pokerio tiek\u0117j\u0173, skirt\u0173 Vokietijos \u017eaid\u0117jams, ap\u017evalgas, taip pat vis\u0105 kit\u0105 informacij\u0105 ir premij\u0173 kodus geriausiems internetinio pokerio kambariams. Mes jums papasakosime apie geriausias svetaines, skirtas \u017eaisti internete. M\u016bs\u0173 misija \u2013 surinkti informacij\u0105 apie internetin\u012f poker\u012f ir geriausius internetinius tiek\u0117jus. [&hellip;]\" \/>\n<meta property=\"og:url\" content=\"https:\/\/poker-bonuscode.de\/lt\/\" \/>\n<meta property=\"og:site_name\" content=\"Poker Bonus Code\" \/>\n<meta name=\"twitter:card\" content=\"summary_large_image\" \/>\n<meta name=\"twitter:label1\" content=\"Est. reading time\" \/>\n\t<meta name=\"twitter:data1\" content=\"2 minut\u0117s\" \/>\n<script type=\"application\/ld+json\" class=\"yoast-schema-graph\">{\"@context\":\"https:\/\/schema.org\",\"@graph\":[{\"@type\":\"WebPage\",\"@id\":\"https:\/\/poker-bonuscode.de\/lt\/\",\"url\":\"https:\/\/poker-bonuscode.de\/lt\/\",\"name\":\"Geriausi pokerio premij\u0173 kodai, pokerio tiek\u0117j\u0173 ap\u017evalgos\",\"isPartOf\":{\"@id\":\"https:\/\/poker-bonuscode.de\/lt\/#website\"},\"datePublished\":\"2024-07-22T10:29:46+00:00\",\"breadcrumb\":{\"@id\":\"https:\/\/poker-bonuscode.de\/lt\/#breadcrumb\"},\"inLanguage\":\"lt-LT\",\"potentialAction\":[{\"@type\":\"ReadAction\",\"target\":[\"https:\/\/poker-bonuscode.de\/lt\/\"]}]},{\"@type\":\"BreadcrumbList\",\"@id\":\"https:\/\/poker-bonuscode.de\/lt\/#breadcrumb\",\"itemListElement\":[{\"@type\":\"ListItem\",\"position\":1,\"name\":\"Home\",\"item\":\"https:\/\/poker-bonuscode.de\/lt\/\"},{\"@type\":\"ListItem\",\"position\":2,\"name\":\"Prad\u017eia\"}]},{\"@type\":\"WebSite\",\"@id\":\"https:\/\/poker-bonuscode.de\/lt\/#website\",\"url\":\"https:\/\/poker-bonuscode.de\/lt\/\",\"name\":\"Poker Bonus Code\",\"description\":\"\",\"potentialAction\":[{\"@type\":\"SearchAction\",\"target\":{\"@type\":\"EntryPoint\",\"urlTemplate\":\"https:\/\/poker-bonuscode.de\/lt\/?s={search_term_string}\"},\"query-input\":{\"@type\":\"PropertyValueSpecification\",\"valueRequired\":true,\"valueName\":\"search_term_string\"}}],\"inLanguage\":\"lt-LT\"}]}<\/script>\n<!-- \/ Yoast SEO plugin. -->","yoast_head_json":{"title":"Geriausi pokerio premij\u0173 kodai, pokerio tiek\u0117j\u0173 ap\u017evalgos","robots":{"index":"index","follow":"follow","max-snippet":"max-snippet:-1","max-image-preview":"max-image-preview:large","max-video-preview":"max-video-preview:-1"},"canonical":"https:\/\/poker-bonuscode.de\/lt\/","og_locale":"lt_LT","og_type":"article","og_title":"Geriausi pokerio premij\u0173 kodai, pokerio tiek\u0117j\u0173 ap\u017evalgos","og_description":"Geriausi pokerio premij\u0173 kodai, pokerio tiek\u0117j\u0173 ap\u017evalgos Sveiki atvyk\u0119 \u012f Poker-BonusCode.de \u2013 \u010dia rasite geriausi\u0173 internetinio pokerio tiek\u0117j\u0173, skirt\u0173 Vokietijos \u017eaid\u0117jams, ap\u017evalgas, taip pat vis\u0105 kit\u0105 informacij\u0105 ir premij\u0173 kodus geriausiems internetinio pokerio kambariams. Mes jums papasakosime apie geriausias svetaines, skirtas \u017eaisti internete. M\u016bs\u0173 misija \u2013 surinkti informacij\u0105 apie internetin\u012f poker\u012f ir geriausius internetinius tiek\u0117jus. [&hellip;]","og_url":"https:\/\/poker-bonuscode.de\/lt\/","og_site_name":"Poker Bonus Code","twitter_card":"summary_large_image","twitter_misc":{"Est. reading time":"2 minut\u0117s"},"schema":{"@context":"https:\/\/schema.org","@graph":[{"@type":"WebPage","@id":"https:\/\/poker-bonuscode.de\/lt\/","url":"https:\/\/poker-bonuscode.de\/lt\/","name":"Geriausi pokerio premij\u0173 kodai, pokerio tiek\u0117j\u0173 ap\u017evalgos","isPartOf":{"@id":"https:\/\/poker-bonuscode.de\/lt\/#website"},"datePublished":"2024-07-22T10:29:46+00:00","breadcrumb":{"@id":"https:\/\/poker-bonuscode.de\/lt\/#breadcrumb"},"inLanguage":"lt-LT","potentialAction":[{"@type":"ReadAction","target":["https:\/\/poker-bonuscode.de\/lt\/"]}]},{"@type":"BreadcrumbList","@id":"https:\/\/poker-bonuscode.de\/lt\/#breadcrumb","itemListElement":[{"@type":"ListItem","position":1,"name":"Home","item":"https:\/\/poker-bonuscode.de\/lt\/"},{"@type":"ListItem","position":2,"name":"Prad\u017eia"}]},{"@type":"WebSite","@id":"https:\/\/poker-bonuscode.de\/lt\/#website","url":"https:\/\/poker-bonuscode.de\/lt\/","name":"Poker Bonus Code","description":"","potentialAction":[{"@type":"SearchAction","target":{"@type":"EntryPoint","urlTemplate":"https:\/\/poker-bonuscode.de\/lt\/?s={search_term_string}"},"query-input":{"@type":"PropertyValueSpecification","valueRequired":true,"valueName":"search_term_string"}}],"inLanguage":"lt-LT"}]}},"_links":{"self":[{"href":"https:\/\/poker-bonuscode.de\/lt\/wp-json\/wp\/v2\/pages\/2110","targetHints":{"allow":["GET"]}}],"collection":[{"href":"https:\/\/poker-bonuscode.de\/lt\/wp-json\/wp\/v2\/pages"}],"about":[{"href":"https:\/\/poker-bonuscode.de\/lt\/wp-json\/wp\/v2\/types\/page"}],"author":[{"embeddable":true,"href":"https:\/\/poker-bonuscode.de\/lt\/wp-json\/wp\/v2\/users\/1"}],"replies":[{"embeddable":true,"href":"https:\/\/poker-bonuscode.de\/lt\/wp-json\/wp\/v2\/comments?post=2110"}],"version-history":[{"count":0,"href":"https:\/\/poker-bonuscode.de\/lt\/wp-json\/wp\/v2\/pages\/2110\/revisions"}],"wp:attachment":[{"href":"https:\/\/poker-bonuscode.de\/lt\/wp-json\/wp\/v2\/media?parent=2110"}],"curies":[{"name":"wp","href":"https:\/\/api.w.org\/{rel}","templated":true}]}}