{"id":2105,"date":"2024-07-22T11:29:46","date_gmt":"2024-07-22T10:29:46","guid":{"rendered":"https:\/\/poker-bonuscode.de\/ev\/"},"modified":"2024-07-22T11:29:46","modified_gmt":"2024-07-22T10:29:46","slug":"ev","status":"publish","type":"page","link":"https:\/\/poker-bonuscode.de\/tr\/","title":{"rendered":"Ev"},"content":{"rendered":"<h2>En iyi poker bonus kodlar\u0131, poker sa\u011flay\u0131c\u0131lar\u0131n\u0131n incelemeleri<\/h2>\n<p style=\"text-align: justify;\">Poker-BonusCode.de&#8217;ye ho\u015f geldiniz &#8211; burada Alman oyuncular i\u00e7in en iyi online poker sa\u011flay\u0131c\u0131lar\u0131n\u0131n incelemelerinin yan\u0131 s\u0131ra en iyi online poker odalar\u0131 i\u00e7in di\u011fer t\u00fcm bilgileri ve bonus kodlar\u0131n\u0131 bulacaks\u0131n\u0131z. Size online oynamak i\u00e7in en iyi siteleri anlataca\u011f\u0131z. Online poker ve en iyi online sa\u011flay\u0131c\u0131lar hakk\u0131nda bilgi derlemeyi kendimize g\u00f6rev edindik.<\/p>\n<p style=\"text-align: justify;\">T\u00fcm b\u00fcy\u00fck <strong>sa\u011flay\u0131c\u0131lar\u0131<\/strong> kar\u015f\u0131la\u015ft\u0131r\u0131yor ve test ediyoruz. Sitelerin nas\u0131l \u00e7al\u0131\u015ft\u0131\u011f\u0131n\u0131, farkl\u0131 odalar\u0131n hangi \u00f6zelliklere sahip oldu\u011funu, bunun oyununuz i\u00e7in ne anlama geldi\u011fini ve birden fazla oda ve bonus kodlar\u0131n\u0131 kullanarak sunulan bonuslardan nas\u0131l yararlanabilece\u011finizi a\u00e7\u0131kl\u0131yoruz. Ayr\u0131ca sizi haberler, g\u00fcncel turnuva teklifleri ve etkinlikler hakk\u0131nda bilgilendirece\u011fiz &#8211; sa\u011fa bak\u0131n.<\/p>\n<h2>T\u00fcm B\u00fcy\u00fck Online Sa\u011flay\u0131c\u0131lar \u0130\u00e7in En \u0130yi Online Poker Bonuslar\u0131<\/h2>\n<p style=\"text-align: justify;\">En iyi promosyonlar, yeni ba\u015flayanlar i\u00e7in odalar, turnuva teklifleri ve rakiplerin beceri seviyelerinin yan\u0131 s\u0131ra m\u00fc\u015fteri hizmetleri ve yaz\u0131l\u0131m incelemeleri &#8211; hepsini burada bulacaks\u0131n\u0131z. Sonu\u00e7ta, her oyuncunun farkl\u0131 tercihleri \u200b\u200bvard\u0131r ve ba\u015far\u0131l\u0131 bir \u015fekilde oynamak i\u00e7in oyununuza uygun siteyi se\u00e7mek \u00f6nemlidir.<\/p>\n<p>Yeni poker odalar\u0131 genellikle online oyuncular aras\u0131nda h\u0131zla pop\u00fclerlik kazan\u0131r. Bu odalar genellikle benzersiz, modern ve i\u015flevsel lobi tasar\u0131mlar\u0131 ve elbette bonus teklifleriyle yeni ba\u015flayanlar\u0131 cezbeder. Ancak, \u00f6zellikle yeni ba\u015flayanlar i\u00e7in 888 Poker 400$ bonus gibi sa\u011flam bir teklif en \u00e7ok tavsiye edilenidir. Ayr\u0131ca, 888 Poker&#8217;da \u00e7ok say\u0131da d\u00fc\u015f\u00fck bahisli masa se\u00e7ene\u011fi vard\u0131r. Bu masalarda rekabet \u00f6zellikle zay\u0131ft\u0131r ve kolayca yenilirler.<\/p>\n<p>888 Poker \u015fu anda 88 \u20ac&#8217;luk \u00fccretsiz bir ba\u015flang\u0131\u00e7 \u200b\u200bsermayesi sunuyor &#8211; 888 Poker&#8217;a kaydolmak i\u00e7in bu ba\u011flant\u0131y\u0131 kullan\u0131n! Bu \u015fekilde, risk almadan ve para yat\u0131rmadan ger\u00e7ek parayla oynayabilirsiniz. Gerekli stratejik bilgiyi edinmek i\u00e7in yeterli zaman harcayanlar, bu 88 \u20ac&#8217;luk kazan\u00e7larla sermayelerini art\u0131rabilir ve kademeli olarak daha y\u00fcksek blind seviyelerine ilerleyebilirler.<\/p>\n<h2 style=\"text-align: justify;\">Sa\u011flay\u0131c\u0131lar\u0131 de\u011ferlendirme kriterleri<\/h2>\n<p style=\"text-align: justify;\">Bonuslara ve poker yaz\u0131l\u0131m\u0131n\u0131n kalitesine ek olarak, her sa\u011flay\u0131c\u0131y\u0131 \u00e7e\u015fitli y\u00f6nlere ve kriterlere g\u00f6re de\u011ferlendiriyoruz. Bunlar \u015funlar\u0131 i\u00e7erir:<\/p>\n<ul>\n<li style=\"text-align: justify;\">M\u00fc\u015fteri hizmetlerinin kalitesi (Almanca m\u0131 konu\u015fuyorsunuz?)<\/li>\n<li style=\"text-align: justify;\">Hem oyun s\u0131ras\u0131nda hem de para transferlerinde g\u00fcvenlik<\/li>\n<li style=\"text-align: justify;\">Mevcut para yat\u0131rma ve \u00e7ekme se\u00e7enekleri<\/li>\n<li style=\"text-align: justify;\">Hem poker hem de yan oyunlar (casino, spor bahisleri vb.) gibi \u00e7e\u015fitli oyunlar<\/li>\n<li style=\"text-align: justify;\">Turnuva takvimi &#8211; miktar ve \u00f6d\u00fcl paras\u0131<\/li>\n<\/ul>\n<h2 style=\"text-align: justify;\">Poker stratejisi ipu\u00e7lar\u0131<\/h2>\n<p style=\"text-align: justify;\"><strong>Pokerde \u015fans \u00f6nemli de\u011fildir<\/strong> &#8211; <strong>Strateji ve ko\u00e7luk<\/strong>, stratejimiz hakk\u0131ndaki makalelerimizde daha fazla bilgi bulabilirsiniz Yeni ba\u015flayanlar ve ileri d\u00fczey oyuncular i\u00e7in e\u011fitim. Masalarda nas\u0131l kazanaca\u011f\u0131n\u0131z ve bu \u015fekilde nas\u0131l para kazanaca\u011f\u0131n\u0131z konusunda ihtiyac\u0131n\u0131z olan t\u00fcm bilgileri bulacaks\u0131n\u0131z. Bu strateji ipu\u00e7lar\u0131n\u0131 mutlaka okumal\u0131s\u0131n\u0131z, \u00e7\u00fcnk\u00fc hi\u00e7bir strateji bilginiz olmadan masaya oturursan\u0131z, \u00e7evrimi\u00e7i piyango oynayabilirsiniz.<\/p>\n<p>Ekibimiz size keyifli okumalar ve elbette sanal masalarda bol \u015fans diler!<\/p>\n<p>Ve e\u011fer poker sizin i\u00e7in \u00e7ok karma\u015f\u0131ksa, \u015fans\u0131n\u0131z\u0131 her zaman <strong>\u00e7evrimi\u00e7i kumarhanede<\/strong><\/a> deneyebilirsiniz&#8230;<\/p>\n","protected":false},"excerpt":{"rendered":"<p>En iyi poker bonus kodlar\u0131, poker sa\u011flay\u0131c\u0131lar\u0131n\u0131n incelemeleri Poker-BonusCode.de&#8217;ye ho\u015f geldiniz &#8211; burada Alman oyuncular i\u00e7in en iyi online poker sa\u011flay\u0131c\u0131lar\u0131n\u0131n incelemelerinin yan\u0131 s\u0131ra en iyi online poker odalar\u0131 i\u00e7in di\u011fer t\u00fcm bilgileri ve bonus kodlar\u0131n\u0131 bulacaks\u0131n\u0131z. Size online oynamak i\u00e7in en iyi siteleri anlataca\u011f\u0131z. Online poker ve en iyi online sa\u011flay\u0131c\u0131lar hakk\u0131nda bilgi derlemeyi [&hellip;]<\/p>\n","protected":false},"author":1,"featured_media":0,"parent":0,"menu_order":0,"comment_status":"closed","ping_status":"closed","template":"","meta":{"footnotes":""},"class_list":["post-2105","page","type-page","status-publish","hentry"],"yoast_head":"<!-- This site is optimized with the Yoast SEO plugin v25.9 - https:\/\/yoast.com\/wordpress\/plugins\/seo\/ -->\n<title>En iyi poker bonus kodlar\u0131, poker sa\u011flay\u0131c\u0131lar\u0131n\u0131n incelemeleri<\/title>\n<meta name=\"robots\" content=\"index, follow, max-snippet:-1, max-image-preview:large, max-video-preview:-1\" \/>\n<link rel=\"canonical\" href=\"https:\/\/poker-bonuscode.de\/tr\/\" \/>\n<meta property=\"og:locale\" content=\"tr_TR\" \/>\n<meta property=\"og:type\" content=\"article\" \/>\n<meta property=\"og:title\" content=\"En iyi poker bonus kodlar\u0131, poker sa\u011flay\u0131c\u0131lar\u0131n\u0131n incelemeleri\" \/>\n<meta property=\"og:description\" content=\"En iyi poker bonus kodlar\u0131, poker sa\u011flay\u0131c\u0131lar\u0131n\u0131n incelemeleri Poker-BonusCode.de&#8217;ye ho\u015f geldiniz &#8211; burada Alman oyuncular i\u00e7in en iyi online poker sa\u011flay\u0131c\u0131lar\u0131n\u0131n incelemelerinin yan\u0131 s\u0131ra en iyi online poker odalar\u0131 i\u00e7in di\u011fer t\u00fcm bilgileri ve bonus kodlar\u0131n\u0131 bulacaks\u0131n\u0131z. Size online oynamak i\u00e7in en iyi siteleri anlataca\u011f\u0131z. Online poker ve en iyi online sa\u011flay\u0131c\u0131lar hakk\u0131nda bilgi derlemeyi [&hellip;]\" \/>\n<meta property=\"og:url\" content=\"https:\/\/poker-bonuscode.de\/tr\/\" \/>\n<meta property=\"og:site_name\" content=\"Poker Bonus Code\" \/>\n<meta name=\"twitter:card\" content=\"summary_large_image\" \/>\n<meta name=\"twitter:label1\" content=\"Tahmini okuma s\u00fcresi\" \/>\n\t<meta name=\"twitter:data1\" content=\"3 dakika\" \/>\n<script type=\"application\/ld+json\" class=\"yoast-schema-graph\">{\"@context\":\"https:\/\/schema.org\",\"@graph\":[{\"@type\":\"WebPage\",\"@id\":\"https:\/\/poker-bonuscode.de\/tr\/\",\"url\":\"https:\/\/poker-bonuscode.de\/tr\/\",\"name\":\"En iyi poker bonus kodlar\u0131, poker sa\u011flay\u0131c\u0131lar\u0131n\u0131n incelemeleri\",\"isPartOf\":{\"@id\":\"https:\/\/poker-bonuscode.de\/tr\/#website\"},\"datePublished\":\"2024-07-22T10:29:46+00:00\",\"breadcrumb\":{\"@id\":\"https:\/\/poker-bonuscode.de\/tr\/#breadcrumb\"},\"inLanguage\":\"tr\",\"potentialAction\":[{\"@type\":\"ReadAction\",\"target\":[\"https:\/\/poker-bonuscode.de\/tr\/\"]}]},{\"@type\":\"BreadcrumbList\",\"@id\":\"https:\/\/poker-bonuscode.de\/tr\/#breadcrumb\",\"itemListElement\":[{\"@type\":\"ListItem\",\"position\":1,\"name\":\"Home\",\"item\":\"https:\/\/poker-bonuscode.de\/tr\/\"},{\"@type\":\"ListItem\",\"position\":2,\"name\":\"Ev\"}]},{\"@type\":\"WebSite\",\"@id\":\"https:\/\/poker-bonuscode.de\/tr\/#website\",\"url\":\"https:\/\/poker-bonuscode.de\/tr\/\",\"name\":\"Poker Bonus Code\",\"description\":\"\",\"potentialAction\":[{\"@type\":\"SearchAction\",\"target\":{\"@type\":\"EntryPoint\",\"urlTemplate\":\"https:\/\/poker-bonuscode.de\/tr\/?s={search_term_string}\"},\"query-input\":{\"@type\":\"PropertyValueSpecification\",\"valueRequired\":true,\"valueName\":\"search_term_string\"}}],\"inLanguage\":\"tr\"}]}<\/script>\n<!-- \/ Yoast SEO plugin. -->","yoast_head_json":{"title":"En iyi poker bonus kodlar\u0131, poker sa\u011flay\u0131c\u0131lar\u0131n\u0131n incelemeleri","robots":{"index":"index","follow":"follow","max-snippet":"max-snippet:-1","max-image-preview":"max-image-preview:large","max-video-preview":"max-video-preview:-1"},"canonical":"https:\/\/poker-bonuscode.de\/tr\/","og_locale":"tr_TR","og_type":"article","og_title":"En iyi poker bonus kodlar\u0131, poker sa\u011flay\u0131c\u0131lar\u0131n\u0131n incelemeleri","og_description":"En iyi poker bonus kodlar\u0131, poker sa\u011flay\u0131c\u0131lar\u0131n\u0131n incelemeleri Poker-BonusCode.de&#8217;ye ho\u015f geldiniz &#8211; burada Alman oyuncular i\u00e7in en iyi online poker sa\u011flay\u0131c\u0131lar\u0131n\u0131n incelemelerinin yan\u0131 s\u0131ra en iyi online poker odalar\u0131 i\u00e7in di\u011fer t\u00fcm bilgileri ve bonus kodlar\u0131n\u0131 bulacaks\u0131n\u0131z. Size online oynamak i\u00e7in en iyi siteleri anlataca\u011f\u0131z. Online poker ve en iyi online sa\u011flay\u0131c\u0131lar hakk\u0131nda bilgi derlemeyi [&hellip;]","og_url":"https:\/\/poker-bonuscode.de\/tr\/","og_site_name":"Poker Bonus Code","twitter_card":"summary_large_image","twitter_misc":{"Tahmini okuma s\u00fcresi":"3 dakika"},"schema":{"@context":"https:\/\/schema.org","@graph":[{"@type":"WebPage","@id":"https:\/\/poker-bonuscode.de\/tr\/","url":"https:\/\/poker-bonuscode.de\/tr\/","name":"En iyi poker bonus kodlar\u0131, poker sa\u011flay\u0131c\u0131lar\u0131n\u0131n incelemeleri","isPartOf":{"@id":"https:\/\/poker-bonuscode.de\/tr\/#website"},"datePublished":"2024-07-22T10:29:46+00:00","breadcrumb":{"@id":"https:\/\/poker-bonuscode.de\/tr\/#breadcrumb"},"inLanguage":"tr","potentialAction":[{"@type":"ReadAction","target":["https:\/\/poker-bonuscode.de\/tr\/"]}]},{"@type":"BreadcrumbList","@id":"https:\/\/poker-bonuscode.de\/tr\/#breadcrumb","itemListElement":[{"@type":"ListItem","position":1,"name":"Home","item":"https:\/\/poker-bonuscode.de\/tr\/"},{"@type":"ListItem","position":2,"name":"Ev"}]},{"@type":"WebSite","@id":"https:\/\/poker-bonuscode.de\/tr\/#website","url":"https:\/\/poker-bonuscode.de\/tr\/","name":"Poker Bonus Code","description":"","potentialAction":[{"@type":"SearchAction","target":{"@type":"EntryPoint","urlTemplate":"https:\/\/poker-bonuscode.de\/tr\/?s={search_term_string}"},"query-input":{"@type":"PropertyValueSpecification","valueRequired":true,"valueName":"search_term_string"}}],"inLanguage":"tr"}]}},"_links":{"self":[{"href":"https:\/\/poker-bonuscode.de\/tr\/wp-json\/wp\/v2\/pages\/2105","targetHints":{"allow":["GET"]}}],"collection":[{"href":"https:\/\/poker-bonuscode.de\/tr\/wp-json\/wp\/v2\/pages"}],"about":[{"href":"https:\/\/poker-bonuscode.de\/tr\/wp-json\/wp\/v2\/types\/page"}],"author":[{"embeddable":true,"href":"https:\/\/poker-bonuscode.de\/tr\/wp-json\/wp\/v2\/users\/1"}],"replies":[{"embeddable":true,"href":"https:\/\/poker-bonuscode.de\/tr\/wp-json\/wp\/v2\/comments?post=2105"}],"version-history":[{"count":0,"href":"https:\/\/poker-bonuscode.de\/tr\/wp-json\/wp\/v2\/pages\/2105\/revisions"}],"wp:attachment":[{"href":"https:\/\/poker-bonuscode.de\/tr\/wp-json\/wp\/v2\/media?parent=2105"}],"curies":[{"name":"wp","href":"https:\/\/api.w.org\/{rel}","templated":true}]}}